{"id":28904,"date":"2024-07-11T22:41:24","date_gmt":"2024-07-11T22:41:24","guid":{"rendered":"https:\/\/www.pennsylvania.com.mx\/tips-y-tutoriales-hogar-fachadas-2\/"},"modified":"2025-04-14T20:49:23","modified_gmt":"2025-04-14T20:49:23","slug":"tips-and-tutorials-home-facades-2","status":"publish","type":"page","link":"https:\/\/www.pennsylvania.com.mx\/en\/tips-and-tutorials-home-facades-2\/","title":{"rendered":"Facades 2"},"content":{"rendered":"\t\t<div data-elementor-type=\"wp-page\" data-elementor-id=\"28904\" class=\"elementor elementor-28904\" data-elementor-post-type=\"page\">\n\t\t\t\t<div class=\"elementor-element elementor-element-dd11e34 e-flex e-con-boxed e-con e-parent\" data-id=\"dd11e34\" data-element_type=\"container\" data-settings=\"{&quot;background_background&quot;:&quot;classic&quot;}\">\n\t\t\t\t\t<div class=\"e-con-inner\">\n\t\t\t\t<div class=\"elementor-element elementor-element-2c629a2a elementor-widget elementor-widget-woocommerce-breadcrumb\" data-id=\"2c629a2a\" data-element_type=\"widget\" data-widget_type=\"woocommerce-breadcrumb.default\">\n\t\t\t\t<div class=\"elementor-widget-container\">\n\t\t\t<link rel=\"stylesheet\" href=\"https:\/\/www.pennsylvania.com.mx\/wp-content\/plugins\/elementor-pro\/assets\/css\/widget-woocommerce.min.css\"><nav class=\"woocommerce-breadcrumb\" aria-label=\"Breadcrumb\">Home<\/nav>\t\t<\/div>\n\t\t\t\t<\/div>\n\t\t\t\t<div class=\"elementor-element elementor-element-22bb2de6 txt-description elementor-widget elementor-widget-text-editor\" data-id=\"22bb2de6\" data-element_type=\"widget\" data-widget_type=\"text-editor.default\">\n\t\t\t\t<div class=\"elementor-widget-container\">\n\t\t\t<style>\/*! elementor - v3.23.0 - 15-07-2024 *\/\n.elementor-widget-text-editor.elementor-drop-cap-view-stacked .elementor-drop-cap{background-color:#69727d;color:#fff}.elementor-widget-text-editor.elementor-drop-cap-view-framed .elementor-drop-cap{color:#69727d;border:3px solid;background-color:transparent}.elementor-widget-text-editor:not(.elementor-drop-cap-view-default) .elementor-drop-cap{margin-top:8px}.elementor-widget-text-editor:not(.elementor-drop-cap-view-default) .elementor-drop-cap-letter{width:1em;height:1em}.elementor-widget-text-editor .elementor-drop-cap{float:left;text-align:center;line-height:1;font-size:50px}.elementor-widget-text-editor .elementor-drop-cap-letter{display:inline-block}<\/style>\t\t\t\t<p><span style=\"font-weight: 400;\">Consulta <\/span><span style=\"font-weight: 400;\">con el prop\u00f3sito de brindarte el respaldo necesario sobre la correcta aplicaci\u00f3n y funcionalidad de nuestros productos, as\u00ed como informaci\u00f3n detallada acerca de nuestros selladores, adhesivos, empaques y cintas.<\/span><\/p>\t\t\t\t\t\t<\/div>\n\t\t\t\t<\/div>\n\t\t\t\t\t<\/div>\n\t\t\t\t<\/div>\n\t\t<div class=\"elementor-element elementor-element-1b0de692 e-flex e-con-boxed e-con e-parent\" data-id=\"1b0de692\" data-element_type=\"container\" data-settings=\"{&quot;background_background&quot;:&quot;classic&quot;}\">\n\t\t\t\t\t<div class=\"e-con-inner\">\n\t\t<div class=\"elementor-element elementor-element-53025d00 e-con-full e-flex e-con e-child\" data-id=\"53025d00\" data-element_type=\"container\">\n\t\t\t\t<div class=\"elementor-element elementor-element-4a8efdfd elementor-widget elementor-widget-html\" data-id=\"4a8efdfd\" data-element_type=\"widget\" data-widget_type=\"html.default\">\n\t\t\t\t<div class=\"elementor-widget-container\">\n\t\t\t<ul class=\"tips-tutoriales-opc-tabs\">\n    <li><a href=\"\">Glass and Aluminum<\/a><\/li>\n    <li class=\"active\"><a href=\"\">Home<\/a><\/li>\n    <li><a href=\"\">Industry<\/a><\/li>\n    <li><a href=\"\">Construction<\/a><\/li>\n     \n<\/ul>\t\t<\/div>\n\t\t\t\t<\/div>\n\t\t\t\t<\/div>\n\t\t<div class=\"elementor-element elementor-element-122f58 e-con-full e-flex e-con e-child\" data-id=\"122f58\" data-element_type=\"container\">\n\t\t\t\t<div class=\"elementor-element elementor-element-3e52649a elementor-search-form--skin-classic elementor-search-form--button-type-icon elementor-search-form--icon-search elementor-widget elementor-widget-search-form\" data-id=\"3e52649a\" data-element_type=\"widget\" data-settings=\"{&quot;skin&quot;:&quot;classic&quot;}\" data-widget_type=\"search-form.default\">\n\t\t\t\t<div class=\"elementor-widget-container\">\n\t\t\t<link rel=\"stylesheet\" href=\"https:\/\/www.pennsylvania.com.mx\/wp-content\/plugins\/elementor-pro\/assets\/css\/widget-theme-elements.min.css\">\t\t<search role=\"search\">\n\t\t\t<form class=\"elementor-search-form\" action=\"https:\/\/www.pennsylvania.com.mx\/en\/\" method=\"get\">\n\t\t\t\t\t\t\t\t\t\t\t\t<div class=\"elementor-search-form__container\">\n\t\t\t\t\t<label class=\"elementor-screen-only\" for=\"elementor-search-form-3e52649a\">Search<\/label>\n\n\t\t\t\t\t\n\t\t\t\t\t<input id=\"elementor-search-form-3e52649a\" placeholder=\"Buscar por nombre\" class=\"elementor-search-form__input\" type=\"search\" name=\"s\" value=\"\">\n\t\t\t\t\t\n\t\t\t\t\t\t\t\t\t\t\t<button class=\"elementor-search-form__submit\" type=\"submit\" aria-label=\"Search\">\n\t\t\t\t\t\t\t\t\t\t\t\t\t\t\t<div class=\"e-font-icon-svg-container\"><svg class=\"fa fa-search e-font-icon-svg e-fas-search\" viewBox=\"0 0 512 512\" xmlns=\"http:\/\/www.w3.org\/2000\/svg\"><path d=\"M505 442.7L405.3 343c-4.5-4.5-10.6-7-17-7H372c27.6-35.3 44-79.7 44-128C416 93.1 322.9 0 208 0S0 93.1 0 208s93.1 208 208 208c48.3 0 92.7-16.4 128-44v16.3c0 6.4 2.5 12.5 7 17l99.7 99.7c9.4 9.4 24.6 9.4 33.9 0l28.3-28.3c9.4-9.4 9.4-24.6.1-34zM208 336c-70.7 0-128-57.2-128-128 0-70.7 57.2-128 128-128 70.7 0 128 57.2 128 128 0 70.7-57.2 128-128 128z\"><\/path><\/svg><\/div>\t\t\t\t\t\t\t\t<span class=\"elementor-screen-only\">Search<\/span>\n\t\t\t\t\t\t\t\t\t\t\t\t\t<\/button>\n\t\t\t\t\t\n\t\t\t\t\t\t\t\t\t<\/div>\n\t\t\t<\/form>\n\t\t<\/search>\n\t\t\t\t<\/div>\n\t\t\t\t<\/div>\n\t\t\t\t<\/div>\n\t\t\t\t\t<\/div>\n\t\t\t\t<\/div>\n\t\t<div class=\"elementor-element elementor-element-69d6dedb content-tipt-single-interno e-flex e-con-boxed e-con e-parent\" data-id=\"69d6dedb\" data-element_type=\"container\">\n\t\t\t\t\t<div class=\"e-con-inner\">\n\t\t<div class=\"elementor-element elementor-element-713b34b0 e-con-full e-flex e-con e-child\" data-id=\"713b34b0\" data-element_type=\"container\">\n\t\t\t\t<div class=\"elementor-element elementor-element-79a45b2e elementor-widget__width-inherit elementor-hidden-desktop elementor-hidden-tablet elementor-hidden-mobile elementor-widget elementor-widget-image\" data-id=\"79a45b2e\" data-element_type=\"widget\" data-widget_type=\"image.default\">\n\t\t\t\t<div class=\"elementor-widget-container\">\n\t\t\t<style>\/*! elementor - v3.23.0 - 15-07-2024 *\/\n.elementor-widget-image{text-align:center}.elementor-widget-image a{display:inline-block}.elementor-widget-image a img[src$=\".svg\"]{width:48px}.elementor-widget-image img{vertical-align:middle;display:inline-block}<\/style>\t\t\t\t\t\t\t\t\t\t<img fetchpriority=\"high\" decoding=\"async\" width=\"300\" height=\"257\" src=\"https:\/\/www.pennsylvania.com.mx\/wp-content\/uploads\/2024\/01\/tip1-300x257.jpg\" class=\"attachment-medium size-medium wp-image-26406\" alt=\"\" srcset=\"https:\/\/www.pennsylvania.com.mx\/wp-content\/uploads\/2024\/01\/tip1-300x257.jpg 300w, https:\/\/www.pennsylvania.com.mx\/wp-content\/uploads\/2024\/01\/tip1.jpg 420w\" sizes=\"(max-width: 300px) 100vw, 300px\" \/>\t\t\t\t\t\t\t\t\t\t\t\t\t<\/div>\n\t\t\t\t<\/div>\n\t\t\t\t<div class=\"elementor-element elementor-element-621931cd elementor-widget elementor-widget-html\" data-id=\"621931cd\" data-element_type=\"widget\" data-widget_type=\"html.default\">\n\t\t\t\t<div class=\"elementor-widget-container\">\n\t\t\t<iframe width=\"100%\" height=\"257\" src=\"https:\/\/www.youtube.com\/embed\/xX9qkayzKXg?si=9f5dg0kWYkrTUkgW\" title=\"YouTube video player\" frameborder=\"0\" allow=\"accelerometer; autoplay; clipboard-write; encrypted-media; gyroscope; picture-in-picture; web-share\" referrerpolicy=\"strict-origin-when-cross-origin\" allowfullscreen style=\"padding:0px;border:0px;\"><\/iframe>\t\t<\/div>\n\t\t\t\t<\/div>\n\t\t\t\t<div class=\"elementor-element elementor-element-4007cd13 title-tips elementor-widget elementor-widget-heading\" data-id=\"4007cd13\" data-element_type=\"widget\" data-widget_type=\"heading.default\">\n\t\t\t\t<div class=\"elementor-widget-container\">\n\t\t\t<style>\/*! elementor - v3.23.0 - 15-07-2024 *\/\n.elementor-heading-title{padding:0;margin:0;line-height:1}.elementor-widget-heading .elementor-heading-title[class*=elementor-size-]>a{color:inherit;font-size:inherit;line-height:inherit}.elementor-widget-heading .elementor-heading-title.elementor-size-small{font-size:15px}.elementor-widget-heading .elementor-heading-title.elementor-size-medium{font-size:19px}.elementor-widget-heading .elementor-heading-title.elementor-size-large{font-size:29px}.elementor-widget-heading .elementor-heading-title.elementor-size-xl{font-size:39px}.elementor-widget-heading .elementor-heading-title.elementor-size-xxl{font-size:59px}<\/style><h5 class=\"elementor-heading-title elementor-size-default\">Do you know how to avoid the formation of fungus, stains and moss?<\/h5>\t\t<\/div>\n\t\t\t\t<\/div>\n\t\t\t\t<div class=\"elementor-element elementor-element-28bcb272 txt-description elementor-widget elementor-widget-text-editor\" data-id=\"28bcb272\" data-element_type=\"widget\" data-widget_type=\"text-editor.default\">\n\t\t\t\t<div class=\"elementor-widget-container\">\n\t\t\t\t\t\t\t<p><span style=\"font-weight: 400;\">Keep your facade in optimal conditions, protect it against deterioration caused by water and say goodbye to annoying fungi, stains and mosses.<\/span><\/p>\t\t\t\t\t\t<\/div>\n\t\t\t\t<\/div>\n\t\t\t\t<div class=\"elementor-element elementor-element-da827de btn-more-see-product elementor-widget elementor-widget-button\" data-id=\"da827de\" data-element_type=\"widget\" data-widget_type=\"button.default\">\n\t\t\t\t<div class=\"elementor-widget-container\">\n\t\t\t\t\t<div class=\"elementor-button-wrapper\">\n\t\t\t<a class=\"elementor-button elementor-button-link elementor-size-sm\" href=\"https:\/\/www.youtube.com\/watch?v=xX9qkayzKXg\" target=\"_blank\">\n\t\t\t\t\t\t<span class=\"elementor-button-content-wrapper\">\n\t\t\t\t\t\t<span class=\"elementor-button-icon\">\n\t\t\t\t<svg aria-hidden=\"true\" class=\"e-font-icon-svg e-fas-arrow-up\" viewBox=\"0 0 448 512\" xmlns=\"http:\/\/www.w3.org\/2000\/svg\"><path d=\"M34.9 289.5l-22.2-22.2c-9.4-9.4-9.4-24.6 0-33.9L207 39c9.4-9.4 24.6-9.4 33.9 0l194.3 194.3c9.4 9.4 9.4 24.6 0 33.9L413 289.4c-9.5 9.5-25 9.3-34.3-.4L264 168.6V456c0 13.3-10.7 24-24 24h-32c-13.3 0-24-10.7-24-24V168.6L69.2 289.1c-9.3 9.8-24.8 10-34.3.4z\"><\/path><\/svg>\t\t\t<\/span>\n\t\t\t\t\t\t\t\t\t<span class=\"elementor-button-text\">View more<\/span>\n\t\t\t\t\t<\/span>\n\t\t\t\t\t<\/a>\n\t\t<\/div>\n\t\t\t\t<\/div>\n\t\t\t\t<\/div>\n\t\t\t\t<\/div>\n\t\t<div class=\"elementor-element elementor-element-3cca6f06 e-con-full e-flex e-con e-child\" data-id=\"3cca6f06\" data-element_type=\"container\">\n\t\t\t\t<div class=\"elementor-element elementor-element-45762904 elementor-widget__width-inherit elementor-widget elementor-widget-image\" data-id=\"45762904\" data-element_type=\"widget\" data-widget_type=\"image.default\">\n\t\t\t\t<div class=\"elementor-widget-container\">\n\t\t\t\t\t\t\t\t\t\t\t\t\t<img fetchpriority=\"high\" decoding=\"async\" width=\"300\" height=\"257\" src=\"https:\/\/www.pennsylvania.com.mx\/wp-content\/uploads\/2024\/01\/tip1-300x257.jpg\" class=\"attachment-medium size-medium wp-image-26406\" alt=\"\" srcset=\"https:\/\/www.pennsylvania.com.mx\/wp-content\/uploads\/2024\/01\/tip1-300x257.jpg 300w, https:\/\/www.pennsylvania.com.mx\/wp-content\/uploads\/2024\/01\/tip1.jpg 420w\" sizes=\"(max-width: 300px) 100vw, 300px\" \/>\t\t\t\t\t\t\t\t\t\t\t\t\t<\/div>\n\t\t\t\t<\/div>\n\t\t\t\t<div class=\"elementor-element elementor-element-22f7b06 title-tips elementor-widget elementor-widget-heading\" data-id=\"22f7b06\" data-element_type=\"widget\" data-widget_type=\"heading.default\">\n\t\t\t\t<div class=\"elementor-widget-container\">\n\t\t\t<h5 class=\"elementor-heading-title elementor-size-default\">4 advantages of using gutters<\/h5>\t\t<\/div>\n\t\t\t\t<\/div>\n\t\t\t\t<div class=\"elementor-element elementor-element-7d7e7a6c txt-description elementor-widget elementor-widget-text-editor\" data-id=\"7d7e7a6c\" data-element_type=\"widget\" data-widget_type=\"text-editor.default\">\n\t\t\t\t<div class=\"elementor-widget-container\">\n\t\t\t\t\t\t\t<p><span style=\"font-weight: 400;\">Nowadays, gutters are construction elements that prevent leaks, protect the foundation and improve the durability of your facade.<\/span><\/p>\t\t\t\t\t\t<\/div>\n\t\t\t\t<\/div>\n\t\t\t\t<div class=\"elementor-element elementor-element-64adb406 btn-more-see-product popmake-22635 elementor-widget elementor-widget-button\" data-id=\"64adb406\" data-element_type=\"widget\" data-widget_type=\"button.default\">\n\t\t\t\t<div class=\"elementor-widget-container\">\n\t\t\t\t\t<div class=\"elementor-button-wrapper\">\n\t\t\t<a class=\"elementor-button elementor-size-sm\" role=\"button\">\n\t\t\t\t\t\t<span class=\"elementor-button-content-wrapper\">\n\t\t\t\t\t\t<span class=\"elementor-button-icon\">\n\t\t\t\t<svg aria-hidden=\"true\" class=\"e-font-icon-svg e-fas-arrow-up\" viewBox=\"0 0 448 512\" xmlns=\"http:\/\/www.w3.org\/2000\/svg\"><path d=\"M34.9 289.5l-22.2-22.2c-9.4-9.4-9.4-24.6 0-33.9L207 39c9.4-9.4 24.6-9.4 33.9 0l194.3 194.3c9.4 9.4 9.4 24.6 0 33.9L413 289.4c-9.5 9.5-25 9.3-34.3-.4L264 168.6V456c0 13.3-10.7 24-24 24h-32c-13.3 0-24-10.7-24-24V168.6L69.2 289.1c-9.3 9.8-24.8 10-34.3.4z\"><\/path><\/svg>\t\t\t<\/span>\n\t\t\t\t\t\t\t\t\t<span class=\"elementor-button-text\">View more<\/span>\n\t\t\t\t\t<\/span>\n\t\t\t\t\t<\/a>\n\t\t<\/div>\n\t\t\t\t<\/div>\n\t\t\t\t<\/div>\n\t\t\t\t<\/div>\n\t\t\t\t\t<\/div>\n\t\t\t\t<\/div>\n\t\t<div class=\"elementor-element elementor-element-24432c2d e-flex e-con-boxed e-con e-parent\" data-id=\"24432c2d\" data-element_type=\"container\">\n\t\t\t\t\t<div class=\"e-con-inner\">\n\t\t\t\t<div class=\"elementor-element elementor-element-3e6b1cd4 elementor-widget elementor-widget-html\" data-id=\"3e6b1cd4\" data-element_type=\"widget\" data-widget_type=\"html.default\">\n\t\t\t\t<div class=\"elementor-widget-container\">\n\t\t\t<ul class=\"paginador-list-hojas\">\r\n <li><a href=\"https:\/\/www.pennsylvania.com.mx\/en\/tips-and-tutorials-home-facades\/\">1<\/a><\/li>\r\n <li class=\"active\"><a href=\"https:\/\/www.pennsylvania.com.mx\/en\/tips-and-tutorials-home-facades-2\/\">2<\/a><\/li>\r\n <!--<li><a href=\"\">3<\/a><\/li>\r\n <li><a href=\"\">4<\/a><\/li>\r\n <li><a href=\"\">5<\/a><\/li>\r\n <li><a href=\"\">6<\/a><\/li>-->\r\n<\/ul>\t\t<\/div>\n\t\t\t\t<\/div>\n\t\t\t\t\t<\/div>\n\t\t\t\t<\/div>\n\t\t\t\t<\/div>\n\t\t","protected":false},"excerpt":{"rendered":"<p>Consulta con el prop\u00f3sito de brindarte el respaldo necesario sobre la correcta aplicaci\u00f3n y funcionalidad de nuestros productos, as\u00ed como informaci\u00f3n detallada acerca de nuestros selladores, adhesivos, empaques y cintas. Glass and Aluminum Home Industry Construction Do you know how to avoid the formation of fungus, stains and moss? Keep your facade in optimal conditions, [&hellip;]<\/p>\n","protected":false},"author":1,"featured_media":0,"parent":0,"menu_order":0,"comment_status":"closed","ping_status":"closed","template":"","meta":{"footnotes":""},"class_list":["post-28904","page","type-page","status-publish","hentry"],"_links":{"self":[{"href":"https:\/\/www.pennsylvania.com.mx\/en\/wp-json\/wp\/v2\/pages\/28904","targetHints":{"allow":["GET"]}}],"collection":[{"href":"https:\/\/www.pennsylvania.com.mx\/en\/wp-json\/wp\/v2\/pages"}],"about":[{"href":"https:\/\/www.pennsylvania.com.mx\/en\/wp-json\/wp\/v2\/types\/page"}],"author":[{"embeddable":true,"href":"https:\/\/www.pennsylvania.com.mx\/en\/wp-json\/wp\/v2\/users\/1"}],"replies":[{"embeddable":true,"href":"https:\/\/www.pennsylvania.com.mx\/en\/wp-json\/wp\/v2\/comments?post=28904"}],"version-history":[{"count":19,"href":"https:\/\/www.pennsylvania.com.mx\/en\/wp-json\/wp\/v2\/pages\/28904\/revisions"}],"predecessor-version":[{"id":30303,"href":"https:\/\/www.pennsylvania.com.mx\/en\/wp-json\/wp\/v2\/pages\/28904\/revisions\/30303"}],"wp:attachment":[{"href":"https:\/\/www.pennsylvania.com.mx\/en\/wp-json\/wp\/v2\/media?parent=28904"}],"curies":[{"name":"wp","href":"https:\/\/api.w.org\/{rel}","templated":true}]}}