{"id":30631,"date":"2024-01-18T18:00:10","date_gmt":"2024-01-18T18:00:10","guid":{"rendered":"https:\/\/www.pennsylvania.com.mx\/productos\/pens-pvc\/"},"modified":"2025-07-16T16:33:17","modified_gmt":"2025-07-16T16:33:17","slug":"pens-pvc","status":"publish","type":"product","link":"https:\/\/www.pennsylvania.com.mx\/en\/productos\/pens-pvc\/","title":{"rendered":"pens\u00ae PVC"},"content":{"rendered":"\t\t<div data-elementor-type=\"product-post\" data-elementor-id=\"30631\" class=\"elementor elementor-30631\" data-elementor-post-type=\"product\">\n\t\t\t\t<div class=\"elementor-element elementor-element-48df3e8c e-flex e-con-boxed e-con e-parent\" data-id=\"48df3e8c\" data-element_type=\"container\" data-settings=\"{&quot;background_background&quot;:&quot;classic&quot;}\">\n\t\t\t\t\t<div class=\"e-con-inner\">\n\t\t\t\t<div class=\"elementor-element elementor-element-2938ce09 elementor-widget elementor-widget-woocommerce-breadcrumb\" data-id=\"2938ce09\" data-element_type=\"widget\" data-widget_type=\"woocommerce-breadcrumb.default\">\n\t\t\t\t<div class=\"elementor-widget-container\">\n\t\t\t<link rel=\"stylesheet\" href=\"https:\/\/www.pennsylvania.com.mx\/wp-content\/plugins\/elementor-pro\/assets\/css\/widget-woocommerce.min.css\"><nav class=\"woocommerce-breadcrumb\" aria-label=\"Breadcrumb\">Home<\/nav>\t\t<\/div>\n\t\t\t\t<\/div>\n\t\t\t\t\t<\/div>\n\t\t\t\t<\/div>\n\t\t<div class=\"elementor-element elementor-element-171e72a3 secc-infoprinc-dtllproduc e-flex e-con-boxed e-con e-parent\" data-id=\"171e72a3\" data-element_type=\"container\" data-settings=\"{&quot;background_background&quot;:&quot;gradient&quot;}\">\n\t\t\t\t\t<div class=\"e-con-inner\">\n\t\t<div class=\"elementor-element elementor-element-62c1ceb0 e-con-full e-flex e-con e-child\" data-id=\"62c1ceb0\" data-element_type=\"container\">\n\t\t\t\t<div class=\"elementor-element elementor-element-2c4193ec yes elementor-widget elementor-widget-woocommerce-product-images\" data-id=\"2c4193ec\" data-element_type=\"widget\" data-widget_type=\"woocommerce-product-images.default\">\n\t\t\t\t<div class=\"elementor-widget-container\">\n\t\t\t<div class=\"woocommerce-product-gallery woocommerce-product-gallery--with-images woocommerce-product-gallery--columns-4 images qodef-position--left\" data-columns=\"4\" style=\"opacity: 0; transition: opacity .25s ease-in-out;\">\n\t<div class=\"woocommerce-product-gallery__wrapper\">\n\t\t<div data-thumb=\"https:\/\/www.pennsylvania.com.mx\/wp-content\/uploads\/2024\/01\/pens-PVC-transparente-600x600.jpg\" data-thumb-alt=\"\" class=\"woocommerce-product-gallery__image\"><a href=\"https:\/\/www.pennsylvania.com.mx\/wp-content\/uploads\/2024\/01\/pens-PVC-transparente.jpg\"><img fetchpriority=\"high\" decoding=\"async\" width=\"600\" height=\"600\" src=\"https:\/\/www.pennsylvania.com.mx\/wp-content\/uploads\/2024\/01\/pens-PVC-transparente-600x600.jpg\" class=\"wp-post-image\" alt=\"\" title=\"pens PVC transparente\" data-caption=\"\" data-src=\"https:\/\/www.pennsylvania.com.mx\/wp-content\/uploads\/2024\/01\/pens-PVC-transparente.jpg\" data-large_image=\"https:\/\/www.pennsylvania.com.mx\/wp-content\/uploads\/2024\/01\/pens-PVC-transparente.jpg\" data-large_image_width=\"800\" data-large_image_height=\"800\" srcset=\"https:\/\/www.pennsylvania.com.mx\/wp-content\/uploads\/2024\/01\/pens-PVC-transparente-600x600.jpg 600w, https:\/\/www.pennsylvania.com.mx\/wp-content\/uploads\/2024\/01\/pens-PVC-transparente-300x300.jpg 300w, https:\/\/www.pennsylvania.com.mx\/wp-content\/uploads\/2024\/01\/pens-PVC-transparente-150x150.jpg 150w, https:\/\/www.pennsylvania.com.mx\/wp-content\/uploads\/2024\/01\/pens-PVC-transparente-768x768.jpg 768w, https:\/\/www.pennsylvania.com.mx\/wp-content\/uploads\/2024\/01\/pens-PVC-transparente-650x650.jpg 650w, https:\/\/www.pennsylvania.com.mx\/wp-content\/uploads\/2024\/01\/pens-PVC-transparente-100x100.jpg 100w, https:\/\/www.pennsylvania.com.mx\/wp-content\/uploads\/2024\/01\/pens-PVC-transparente-64x64.jpg 64w, https:\/\/www.pennsylvania.com.mx\/wp-content\/uploads\/2024\/01\/pens-PVC-transparente.jpg 800w\" sizes=\"(max-width: 600px) 100vw, 600px\" \/><\/a><\/div><div class=\"qodef-woo-thumbnails-wrapper\"><div data-thumb=\"https:\/\/www.pennsylvania.com.mx\/wp-content\/uploads\/2024\/01\/aplicaciones-PVC-1-600x600.jpg\" data-thumb-alt=\"\" class=\"woocommerce-product-gallery__image\"><a href=\"https:\/\/www.pennsylvania.com.mx\/wp-content\/uploads\/2024\/01\/aplicaciones-PVC-1.jpg\"><img decoding=\"async\" width=\"600\" height=\"600\" src=\"https:\/\/www.pennsylvania.com.mx\/wp-content\/uploads\/2024\/01\/aplicaciones-PVC-1-600x600.jpg\" class=\"\" alt=\"\" title=\"aplicaciones PVC\" data-caption=\"\" data-src=\"https:\/\/www.pennsylvania.com.mx\/wp-content\/uploads\/2024\/01\/aplicaciones-PVC-1.jpg\" data-large_image=\"https:\/\/www.pennsylvania.com.mx\/wp-content\/uploads\/2024\/01\/aplicaciones-PVC-1.jpg\" data-large_image_width=\"800\" data-large_image_height=\"800\" srcset=\"https:\/\/www.pennsylvania.com.mx\/wp-content\/uploads\/2024\/01\/aplicaciones-PVC-1-600x600.jpg 600w, https:\/\/www.pennsylvania.com.mx\/wp-content\/uploads\/2024\/01\/aplicaciones-PVC-1-300x300.jpg 300w, https:\/\/www.pennsylvania.com.mx\/wp-content\/uploads\/2024\/01\/aplicaciones-PVC-1-150x150.jpg 150w, https:\/\/www.pennsylvania.com.mx\/wp-content\/uploads\/2024\/01\/aplicaciones-PVC-1-768x768.jpg 768w, https:\/\/www.pennsylvania.com.mx\/wp-content\/uploads\/2024\/01\/aplicaciones-PVC-1-650x650.jpg 650w, https:\/\/www.pennsylvania.com.mx\/wp-content\/uploads\/2024\/01\/aplicaciones-PVC-1-100x100.jpg 100w, https:\/\/www.pennsylvania.com.mx\/wp-content\/uploads\/2024\/01\/aplicaciones-PVC-1.jpg 800w\" sizes=\"(max-width: 600px) 100vw, 600px\" \/><\/a><\/div><\/div>\t<\/div>\n<\/div>\n\t\t<\/div>\n\t\t\t\t<\/div>\n\t\t\t\t<\/div>\n\t\t<div class=\"elementor-element elementor-element-76a96197 e-con-full e-flex e-con e-child\" data-id=\"76a96197\" data-element_type=\"container\">\n\t\t\t\t<div class=\"elementor-element elementor-element-4909c1c elementor-widget elementor-widget-woocommerce-product-title elementor-page-title elementor-widget-heading\" data-id=\"4909c1c\" data-element_type=\"widget\" data-widget_type=\"woocommerce-product-title.default\">\n\t\t\t\t<div class=\"elementor-widget-container\">\n\t\t\t<style>\/*! elementor - v3.23.0 - 15-07-2024 *\/\n.elementor-heading-title{padding:0;margin:0;line-height:1}.elementor-widget-heading .elementor-heading-title[class*=elementor-size-]>a{color:inherit;font-size:inherit;line-height:inherit}.elementor-widget-heading .elementor-heading-title.elementor-size-small{font-size:15px}.elementor-widget-heading .elementor-heading-title.elementor-size-medium{font-size:19px}.elementor-widget-heading .elementor-heading-title.elementor-size-large{font-size:29px}.elementor-widget-heading .elementor-heading-title.elementor-size-xl{font-size:39px}.elementor-widget-heading .elementor-heading-title.elementor-size-xxl{font-size:59px}<\/style><h1 class=\"product_title entry-title elementor-heading-title elementor-size-default\">pens\u00ae PVC<\/h1>\t\t<\/div>\n\t\t\t\t<\/div>\n\t\t\t\t<div class=\"elementor-element elementor-element-63541f9 tipofquimica elementor-widget elementor-widget-heading\" data-id=\"63541f9\" data-element_type=\"widget\" data-widget_type=\"heading.default\">\n\t\t\t\t<div class=\"elementor-widget-container\">\n\t\t\t<h3 class=\"elementor-heading-title elementor-size-default\">Familia: <a href=\"\/producto-categoria\/familia-silicones-neutros\/\">Silicones Neutros<\/a><\/h3>\t\t<\/div>\n\t\t\t\t<\/div>\n\t\t\t\t<div class=\"elementor-element elementor-element-3dfdcbdb elementor-widget elementor-widget-woocommerce-product-short-description\" data-id=\"3dfdcbdb\" data-element_type=\"widget\" data-widget_type=\"woocommerce-product-short-description.default\">\n\t\t\t\t<div class=\"elementor-widget-container\">\n\t\t\t<div class=\"woocommerce-product-details__short-description\">\n\t<p>Sellador de silic\u00f3n de curado neutro muy el\u00e1stico; es ideal para sellos perimetrales entre ventanas de PVC con diferentes materiales, como mamposter\u00eda o vidrio.<\/p>\n<\/div>\n\t\t<\/div>\n\t\t\t\t<\/div>\n\t\t\t\t<div class=\"elementor-element elementor-element-3f9d20af elementor-widget elementor-widget-heading\" data-id=\"3f9d20af\" data-element_type=\"widget\" data-widget_type=\"heading.default\">\n\t\t\t\t<div class=\"elementor-widget-container\">\n\t\t\t<h5 class=\"elementor-heading-title elementor-size-default\">Desarrollado para el mercado de:<\/h5>\t\t<\/div>\n\t\t\t\t<\/div>\n\t\t<div class=\"elementor-element elementor-element-839a250 e-con-full e-flex e-con e-child\" data-id=\"839a250\" data-element_type=\"container\">\n\t\t\t\t<div class=\"elementor-element elementor-element-2ba254f3 elementor-widget elementor-widget-image\" data-id=\"2ba254f3\" data-element_type=\"widget\" data-widget_type=\"image.default\">\n\t\t\t\t<div class=\"elementor-widget-container\">\n\t\t\t<style>\/*! elementor - v3.23.0 - 15-07-2024 *\/\n.elementor-widget-image{text-align:center}.elementor-widget-image a{display:inline-block}.elementor-widget-image a img[src$=\".svg\"]{width:48px}.elementor-widget-image img{vertical-align:middle;display:inline-block}<\/style>\t\t\t\t\t\t\t\t\t\t<img decoding=\"async\" width=\"60\" height=\"60\" src=\"https:\/\/www.pennsylvania.com.mx\/wp-content\/uploads\/2024\/01\/ic-merc-pro-aluminio_vidrio.svg\" class=\"attachment-full size-full wp-image-13365\" alt=\"\" \/>\t\t\t\t\t\t\t\t\t\t\t\t\t<\/div>\n\t\t\t\t<\/div>\n\t\t\t\t<div class=\"elementor-element elementor-element-13cdc6a0 elementor-list-item-link-inline cl3 elementor-icon-list--layout-traditional elementor-widget elementor-widget-icon-list\" data-id=\"13cdc6a0\" data-element_type=\"widget\" data-widget_type=\"icon-list.default\">\n\t\t\t\t<div class=\"elementor-widget-container\">\n\t\t\t<link rel=\"stylesheet\" href=\"https:\/\/www.pennsylvania.com.mx\/wp-content\/plugins\/elementor\/assets\/css\/widget-icon-list.min.css\">\t\t<ul class=\"elementor-icon-list-items\">\n\t\t\t\t\t\t\t<li class=\"elementor-icon-list-item\">\n\t\t\t\t\t\t\t\t\t\t<span class=\"elementor-icon-list-text\">Aluminio y Vidrio<\/span>\n\t\t\t\t\t\t\t\t\t<\/li>\n\t\t\t\t\t\t<\/ul>\n\t\t\t\t<\/div>\n\t\t\t\t<\/div>\n\t\t\t\t<\/div>\n\t\t\t\t<div class=\"elementor-element elementor-element-836e2b3 elementor-widget elementor-widget-heading\" data-id=\"836e2b3\" data-element_type=\"widget\" data-widget_type=\"heading.default\">\n\t\t\t\t<div class=\"elementor-widget-container\">\n\t\t\t<h5 class=\"elementor-heading-title elementor-size-default\">Presentaciones:<\/h5>\t\t<\/div>\n\t\t\t\t<\/div>\n\t\t<div class=\"elementor-element elementor-element-5a64c6b4 e-con-full e-flex e-con e-child\" data-id=\"5a64c6b4\" data-element_type=\"container\">\n\t\t\t\t<div class=\"elementor-element elementor-element-392b6254 ic-presentacion-dtll-p elementor-widget elementor-widget-image\" data-id=\"392b6254\" data-element_type=\"widget\" data-widget_type=\"image.default\">\n\t\t\t\t<div class=\"elementor-widget-container\">\n\t\t\t\t\t\t\t\t\t\t\t\t\t<img loading=\"lazy\" decoding=\"async\" width=\"50\" height=\"50\" src=\"https:\/\/www.pennsylvania.com.mx\/wp-content\/uploads\/2024\/01\/cartucho_icono.svg\" class=\"attachment-full size-full wp-image-13393\" alt=\"\" \/>\t\t\t\t\t\t\t\t\t\t\t\t\t<\/div>\n\t\t\t\t<\/div>\n\t\t\t\t<div class=\"elementor-element elementor-element-65b5f829 elementor-list-item-link-inline cl3 elementor-icon-list--layout-traditional elementor-widget elementor-widget-icon-list\" data-id=\"65b5f829\" data-element_type=\"widget\" data-widget_type=\"icon-list.default\">\n\t\t\t\t<div class=\"elementor-widget-container\">\n\t\t\t\t\t<ul class=\"elementor-icon-list-items\">\n\t\t\t\t\t\t\t<li class=\"elementor-icon-list-item\">\n\t\t\t\t\t\t\t\t\t\t<span class=\"elementor-icon-list-text\">300 ml<\/span>\n\t\t\t\t\t\t\t\t\t<\/li>\n\t\t\t\t\t\t<\/ul>\n\t\t\t\t<\/div>\n\t\t\t\t<\/div>\n\t\t\t\t<\/div>\n\t\t\t\t<div class=\"elementor-element elementor-element-155c47f4 elementor-widget elementor-widget-heading\" data-id=\"155c47f4\" data-element_type=\"widget\" data-widget_type=\"heading.default\">\n\t\t\t\t<div class=\"elementor-widget-container\">\n\t\t\t<h5 class=\"elementor-heading-title elementor-size-default\">Colores:<\/h5>\t\t<\/div>\n\t\t\t\t<\/div>\n\t\t<div class=\"elementor-element elementor-element-5474c2da e-con-full e-flex e-con e-child\" data-id=\"5474c2da\" data-element_type=\"container\">\n\t\t\t\t<div class=\"elementor-element elementor-element-3d0d9dcc elementor-list-item-link-inline cl1 elementor-icon-list--layout-traditional elementor-widget elementor-widget-icon-list\" data-id=\"3d0d9dcc\" data-element_type=\"widget\" data-widget_type=\"icon-list.default\">\n\t\t\t\t<div class=\"elementor-widget-container\">\n\t\t\t\t\t<ul class=\"elementor-icon-list-items\">\n\t\t\t\t\t\t\t<li class=\"elementor-icon-list-item\">\n\t\t\t\t\t\t\t\t\t\t\t<span class=\"elementor-icon-list-icon\">\n\t\t\t\t\t\t\t<svg aria-hidden=\"true\" class=\"e-font-icon-svg e-fas-circle\" viewBox=\"0 0 512 512\" xmlns=\"http:\/\/www.w3.org\/2000\/svg\"><path d=\"M256 8C119 8 8 119 8 256s111 248 248 248 248-111 248-248S393 8 256 8z\"><\/path><\/svg>\t\t\t\t\t\t<\/span>\n\t\t\t\t\t\t\t\t\t\t<span class=\"elementor-icon-list-text\">Blanco<\/span>\n\t\t\t\t\t\t\t\t\t<\/li>\n\t\t\t\t\t\t<\/ul>\n\t\t\t\t<\/div>\n\t\t\t\t<\/div>\n\t\t\t\t<\/div>\n\t\t<div class=\"elementor-element elementor-element-4fb38ce8 e-con-full e-flex e-con e-child\" data-id=\"4fb38ce8\" data-element_type=\"container\">\n\t\t\t\t<div class=\"elementor-element elementor-element-fc09e1e btn-ftecnica elementor-widget elementor-widget-button\" data-id=\"fc09e1e\" data-element_type=\"widget\" data-widget_type=\"button.default\">\n\t\t\t\t<div class=\"elementor-widget-container\">\n\t\t\t\t\t<div class=\"elementor-button-wrapper\">\n\t\t\t<a class=\"elementor-button elementor-button-link elementor-size-xs\" href=\"\/wp-content\/uploads\/2025\/07\/pens-PVC-HT-2025.pdf\" target=\"_blank\">\n\t\t\t\t\t\t<span class=\"elementor-button-content-wrapper\">\n\t\t\t\t\t\t<span class=\"elementor-button-icon\">\n\t\t\t\t<svg aria-hidden=\"true\" class=\"e-font-icon-svg e-fas-download\" viewBox=\"0 0 512 512\" xmlns=\"http:\/\/www.w3.org\/2000\/svg\"><path d=\"M216 0h80c13.3 0 24 10.7 24 24v168h87.7c17.8 0 26.7 21.5 14.1 34.1L269.7 378.3c-7.5 7.5-19.8 7.5-27.3 0L90.1 226.1c-12.6-12.6-3.7-34.1 14.1-34.1H192V24c0-13.3 10.7-24 24-24zm296 376v112c0 13.3-10.7 24-24 24H24c-13.3 0-24-10.7-24-24V376c0-13.3 10.7-24 24-24h146.7l49 49c20.1 20.1 52.5 20.1 72.6 0l49-49H488c13.3 0 24 10.7 24 24zm-124 88c0-11-9-20-20-20s-20 9-20 20 9 20 20 20 20-9 20-20zm64 0c0-11-9-20-20-20s-20 9-20 20 9 20 20 20 20-9 20-20z\"><\/path><\/svg>\t\t\t<\/span>\n\t\t\t\t\t\t\t\t\t<span class=\"elementor-button-text\">Hoja  t\u00e9cnica<\/span>\n\t\t\t\t\t<\/span>\n\t\t\t\t\t<\/a>\n\t\t<\/div>\n\t\t\t\t<\/div>\n\t\t\t\t<\/div>\n\t\t\t\t<div class=\"elementor-element elementor-element-46e041fe btn-hseguridad elementor-widget elementor-widget-button\" data-id=\"46e041fe\" data-element_type=\"widget\" data-widget_type=\"button.default\">\n\t\t\t\t<div class=\"elementor-widget-container\">\n\t\t\t\t\t<div class=\"elementor-button-wrapper\">\n\t\t\t<a class=\"elementor-button elementor-button-link elementor-size-xs\" href=\"\/wp-content\/uploads\/2024\/05\/pens-PVC-HDS.pdf\" target=\"_blank\">\n\t\t\t\t\t\t<span class=\"elementor-button-content-wrapper\">\n\t\t\t\t\t\t<span class=\"elementor-button-icon\">\n\t\t\t\t<svg aria-hidden=\"true\" class=\"e-font-icon-svg e-fas-download\" viewBox=\"0 0 512 512\" xmlns=\"http:\/\/www.w3.org\/2000\/svg\"><path d=\"M216 0h80c13.3 0 24 10.7 24 24v168h87.7c17.8 0 26.7 21.5 14.1 34.1L269.7 378.3c-7.5 7.5-19.8 7.5-27.3 0L90.1 226.1c-12.6-12.6-3.7-34.1 14.1-34.1H192V24c0-13.3 10.7-24 24-24zm296 376v112c0 13.3-10.7 24-24 24H24c-13.3 0-24-10.7-24-24V376c0-13.3 10.7-24 24-24h146.7l49 49c20.1 20.1 52.5 20.1 72.6 0l49-49H488c13.3 0 24 10.7 24 24zm-124 88c0-11-9-20-20-20s-20 9-20 20 9 20 20 20 20-9 20-20zm64 0c0-11-9-20-20-20s-20 9-20 20 9 20 20 20 20-9 20-20z\"><\/path><\/svg>\t\t\t<\/span>\n\t\t\t\t\t\t\t\t\t<span class=\"elementor-button-text\">Hoja de seguridad<\/span>\n\t\t\t\t\t<\/span>\n\t\t\t\t\t<\/a>\n\t\t<\/div>\n\t\t\t\t<\/div>\n\t\t\t\t<\/div>\n\t\t\t\t<\/div>\n\t\t\t\t<\/div>\n\t\t\t\t\t<\/div>\n\t\t\t\t<\/div>\n\t\t<div class=\"elementor-element elementor-element-5560fbb6 secc-vntjasproduct e-flex e-con-boxed e-con e-parent\" data-id=\"5560fbb6\" data-element_type=\"container\">\n\t\t\t\t\t<div class=\"e-con-inner\">\n\t\t<div class=\"elementor-element elementor-element-244d292e e-con-full e-flex e-con e-child\" data-id=\"244d292e\" data-element_type=\"container\">\n\t\t<div class=\"elementor-element elementor-element-787ea407 e-con-full e-flex e-con e-child\" data-id=\"787ea407\" data-element_type=\"container\">\n\t\t\t\t<div class=\"elementor-element elementor-element-5b172895 elementor-widget elementor-widget-heading\" data-id=\"5b172895\" data-element_type=\"widget\" data-widget_type=\"heading.default\">\n\t\t\t\t<div class=\"elementor-widget-container\">\n\t\t\t<h2 class=\"elementor-heading-title elementor-size-default\">Ventajas<\/h2>\t\t<\/div>\n\t\t\t\t<\/div>\n\t\t\t\t<\/div>\n\t\t<div class=\"elementor-element elementor-element-b43fc9b e-con-full e-flex e-con e-child\" data-id=\"b43fc9b\" data-element_type=\"container\">\n\t\t\t\t<div class=\"elementor-element elementor-element-21839ae0 elementor-widget elementor-widget-woocommerce-product-title elementor-page-title elementor-widget-heading\" data-id=\"21839ae0\" data-element_type=\"widget\" data-widget_type=\"woocommerce-product-title.default\">\n\t\t\t\t<div class=\"elementor-widget-container\">\n\t\t\t<h1 class=\"product_title entry-title elementor-heading-title elementor-size-default\">pens\u00ae PVC<\/h1>\t\t<\/div>\n\t\t\t\t<\/div>\n\t\t\t\t<\/div>\n\t\t\t\t<\/div>\n\t\t<div class=\"elementor-element elementor-element-a98b2c0 e-con-full e-flex e-con e-child\" data-id=\"a98b2c0\" data-element_type=\"container\">\n\t\t<div class=\"elementor-element elementor-element-5851fb02 e-con-full e-flex e-con e-child\" data-id=\"5851fb02\" data-element_type=\"container\">\n\t\t\t\t<div class=\"elementor-element elementor-element-4262f52a elementor-widget elementor-widget-image\" data-id=\"4262f52a\" data-element_type=\"widget\" data-widget_type=\"image.default\">\n\t\t\t\t<div class=\"elementor-widget-container\">\n\t\t\t\t\t\t\t\t\t\t\t\t\t<img loading=\"lazy\" decoding=\"async\" width=\"100\" height=\"100\" src=\"https:\/\/www.pennsylvania.com.mx\/wp-content\/uploads\/2024\/01\/excelente_adhesion.svg\" class=\"attachment-full size-full wp-image-12903\" alt=\"\" \/>\t\t\t\t\t\t\t\t\t\t\t\t\t<\/div>\n\t\t\t\t<\/div>\n\t\t\t\t<div class=\"elementor-element elementor-element-60bda2d2 elementor-widget elementor-widget-heading\" data-id=\"60bda2d2\" data-element_type=\"widget\" data-widget_type=\"heading.default\">\n\t\t\t\t<div class=\"elementor-widget-container\">\n\t\t\t<h5 class=\"elementor-heading-title elementor-size-default\">Excelente adhesi\u00f3n<\/h5>\t\t<\/div>\n\t\t\t\t<\/div>\n\t\t\t\t<\/div>\n\t\t<div class=\"elementor-element elementor-element-105e9472 e-con-full e-flex e-con e-child\" data-id=\"105e9472\" data-element_type=\"container\">\n\t\t\t\t<div class=\"elementor-element elementor-element-6690d797 elementor-widget elementor-widget-image\" data-id=\"6690d797\" data-element_type=\"widget\" data-widget_type=\"image.default\">\n\t\t\t\t<div class=\"elementor-widget-container\">\n\t\t\t\t\t\t\t\t\t\t\t\t\t<img loading=\"lazy\" decoding=\"async\" width=\"100\" height=\"100\" src=\"https:\/\/www.pennsylvania.com.mx\/wp-content\/uploads\/2024\/01\/facil_aplicacion.svg\" class=\"attachment-full size-full wp-image-12849\" alt=\"\" \/>\t\t\t\t\t\t\t\t\t\t\t\t\t<\/div>\n\t\t\t\t<\/div>\n\t\t\t\t<div class=\"elementor-element elementor-element-5ca1d9c4 elementor-widget elementor-widget-heading\" data-id=\"5ca1d9c4\" data-element_type=\"widget\" data-widget_type=\"heading.default\">\n\t\t\t\t<div class=\"elementor-widget-container\">\n\t\t\t<h5 class=\"elementor-heading-title elementor-size-default\">F\u00e1cil aplicaci\u00f3n<\/h5>\t\t<\/div>\n\t\t\t\t<\/div>\n\t\t\t\t<\/div>\n\t\t<div class=\"elementor-element elementor-element-2a13dce1 e-con-full e-flex e-con e-child\" data-id=\"2a13dce1\" data-element_type=\"container\">\n\t\t\t\t<div class=\"elementor-element elementor-element-67ba74ef elementor-widget elementor-widget-image\" data-id=\"67ba74ef\" data-element_type=\"widget\" data-widget_type=\"image.default\">\n\t\t\t\t<div class=\"elementor-widget-container\">\n\t\t\t\t\t\t\t\t\t\t\t\t\t<img loading=\"lazy\" decoding=\"async\" width=\"100\" height=\"100\" src=\"https:\/\/www.pennsylvania.com.mx\/wp-content\/uploads\/2024\/01\/Libre-de-solventes.jpg\" class=\"attachment-full size-full wp-image-14112\" alt=\"\" \/>\t\t\t\t\t\t\t\t\t\t\t\t\t<\/div>\n\t\t\t\t<\/div>\n\t\t\t\t<div class=\"elementor-element elementor-element-73999e9c elementor-widget elementor-widget-heading\" data-id=\"73999e9c\" data-element_type=\"widget\" data-widget_type=\"heading.default\">\n\t\t\t\t<div class=\"elementor-widget-container\">\n\t\t\t<h5 class=\"elementor-heading-title elementor-size-default\">Libre de solventes<\/h5>\t\t<\/div>\n\t\t\t\t<\/div>\n\t\t\t\t<\/div>\n\t\t<div class=\"elementor-element elementor-element-2f050419 e-con-full e-flex e-con e-child\" data-id=\"2f050419\" data-element_type=\"container\">\n\t\t\t\t<div class=\"elementor-element elementor-element-7d1fd073 elementor-widget elementor-widget-image\" data-id=\"7d1fd073\" data-element_type=\"widget\" data-widget_type=\"image.default\">\n\t\t\t\t<div class=\"elementor-widget-container\">\n\t\t\t\t\t\t\t\t\t\t\t\t\t<img loading=\"lazy\" decoding=\"async\" width=\"100\" height=\"100\" src=\"https:\/\/www.pennsylvania.com.mx\/wp-content\/uploads\/2024\/07\/resistente-a-la-intemperie-1.svg\" class=\"attachment-full size-full wp-image-21950\" alt=\"\" \/>\t\t\t\t\t\t\t\t\t\t\t\t\t<\/div>\n\t\t\t\t<\/div>\n\t\t\t\t<div class=\"elementor-element elementor-element-1750f85 elementor-widget elementor-widget-heading\" data-id=\"1750f85\" data-element_type=\"widget\" data-widget_type=\"heading.default\">\n\t\t\t\t<div class=\"elementor-widget-container\">\n\t\t\t<h5 class=\"elementor-heading-title elementor-size-default\">Resistente a la intemperie<\/h5>\t\t<\/div>\n\t\t\t\t<\/div>\n\t\t\t\t<\/div>\n\t\t\t\t<\/div>\n\t\t\t\t\t<\/div>\n\t\t\t\t<\/div>\n\t\t\t\t<\/div>\n\t\t","protected":false},"excerpt":{"rendered":"<p>Sellador de silic\u00f3n de curado neutro muy el\u00e1stico; es ideal para sellos perimetrales entre ventanas de PVC con diferentes materiales, como mamposter\u00eda o vidrio.<\/p>\n","protected":false},"featured_media":27810,"comment_status":"open","ping_status":"closed","template":"","meta":[],"product_cat":[123,129],"product_tag":[],"class_list":{"0":"post-30631","1":"product","2":"type-product","3":"status-publish","4":"has-post-thumbnail","6":"product_cat-aluminum-and-glass-en","7":"product_cat-family-neutral-silicones","9":"first","10":"instock","11":"shipping-taxable","12":"product-type-simple"},"_links":{"self":[{"href":"https:\/\/www.pennsylvania.com.mx\/en\/wp-json\/wp\/v2\/product\/30631","targetHints":{"allow":["GET"]}}],"collection":[{"href":"https:\/\/www.pennsylvania.com.mx\/en\/wp-json\/wp\/v2\/product"}],"about":[{"href":"https:\/\/www.pennsylvania.com.mx\/en\/wp-json\/wp\/v2\/types\/product"}],"replies":[{"embeddable":true,"href":"https:\/\/www.pennsylvania.com.mx\/en\/wp-json\/wp\/v2\/comments?post=30631"}],"version-history":[{"count":9,"href":"https:\/\/www.pennsylvania.com.mx\/en\/wp-json\/wp\/v2\/product\/30631\/revisions"}],"predecessor-version":[{"id":32054,"href":"https:\/\/www.pennsylvania.com.mx\/en\/wp-json\/wp\/v2\/product\/30631\/revisions\/32054"}],"wp:featuredmedia":[{"embeddable":true,"href":"https:\/\/www.pennsylvania.com.mx\/en\/wp-json\/wp\/v2\/media\/27810"}],"wp:attachment":[{"href":"https:\/\/www.pennsylvania.com.mx\/en\/wp-json\/wp\/v2\/media?parent=30631"}],"wp:term":[{"taxonomy":"product_cat","embeddable":true,"href":"https:\/\/www.pennsylvania.com.mx\/en\/wp-json\/wp\/v2\/product_cat?post=30631"},{"taxonomy":"product_tag","embeddable":true,"href":"https:\/\/www.pennsylvania.com.mx\/en\/wp-json\/wp\/v2\/product_tag?post=30631"}],"curies":[{"name":"wp","href":"https:\/\/api.w.org\/{rel}","templated":true}]}}