{"id":30635,"date":"2024-01-18T17:50:08","date_gmt":"2024-01-18T17:50:08","guid":{"rendered":"https:\/\/www.pennsylvania.com.mx\/productos\/pens-sellador-marino\/"},"modified":"2024-01-18T17:50:08","modified_gmt":"2024-01-18T17:50:08","slug":"pens-sellador-marino","status":"publish","type":"product","link":"https:\/\/www.pennsylvania.com.mx\/en\/productos\/pens-sellador-marino\/","title":{"rendered":"pens\u00ae sellador MARINO"},"content":{"rendered":"\t\t<div data-elementor-type=\"product-post\" data-elementor-id=\"30635\" class=\"elementor elementor-30635\" data-elementor-post-type=\"product\">\n\t\t\t\t<div class=\"elementor-element elementor-element-188b90ea e-flex e-con-boxed e-con e-parent\" data-id=\"188b90ea\" data-element_type=\"container\" data-settings=\"{&quot;background_background&quot;:&quot;classic&quot;}\">\n\t\t\t\t\t<div class=\"e-con-inner\">\n\t\t\t\t<div class=\"elementor-element elementor-element-16bdda72 elementor-widget elementor-widget-woocommerce-breadcrumb\" data-id=\"16bdda72\" data-element_type=\"widget\" data-widget_type=\"woocommerce-breadcrumb.default\">\n\t\t\t\t<div class=\"elementor-widget-container\">\n\t\t\t<link rel=\"stylesheet\" href=\"https:\/\/www.pennsylvania.com.mx\/wp-content\/plugins\/elementor-pro\/assets\/css\/widget-woocommerce.min.css\"><nav class=\"woocommerce-breadcrumb\" aria-label=\"Breadcrumb\">Home<\/nav>\t\t<\/div>\n\t\t\t\t<\/div>\n\t\t\t\t\t<\/div>\n\t\t\t\t<\/div>\n\t\t<div class=\"elementor-element elementor-element-5df0891a secc-infoprinc-dtllproduc e-flex e-con-boxed e-con e-parent\" data-id=\"5df0891a\" data-element_type=\"container\" data-settings=\"{&quot;background_background&quot;:&quot;gradient&quot;}\">\n\t\t\t\t\t<div class=\"e-con-inner\">\n\t\t<div class=\"elementor-element elementor-element-1cbe2cc9 e-con-full e-flex e-con e-child\" data-id=\"1cbe2cc9\" data-element_type=\"container\">\n\t\t\t\t<div class=\"elementor-element elementor-element-7942ef98 yes elementor-widget elementor-widget-woocommerce-product-images\" data-id=\"7942ef98\" data-element_type=\"widget\" data-widget_type=\"woocommerce-product-images.default\">\n\t\t\t\t<div class=\"elementor-widget-container\">\n\t\t\t<div class=\"woocommerce-product-gallery woocommerce-product-gallery--with-images woocommerce-product-gallery--columns-4 images qodef-position--left\" data-columns=\"4\" style=\"opacity: 0; transition: opacity .25s ease-in-out;\">\n\t<div class=\"woocommerce-product-gallery__wrapper\">\n\t\t<div data-thumb=\"https:\/\/www.pennsylvania.com.mx\/wp-content\/uploads\/2024\/01\/pens-sellador-marino-blanco-600x600.jpg\" data-thumb-alt=\"\" class=\"woocommerce-product-gallery__image\"><a href=\"https:\/\/www.pennsylvania.com.mx\/wp-content\/uploads\/2024\/01\/pens-sellador-marino-blanco.jpg\"><img fetchpriority=\"high\" decoding=\"async\" width=\"600\" height=\"600\" src=\"https:\/\/www.pennsylvania.com.mx\/wp-content\/uploads\/2024\/01\/pens-sellador-marino-blanco-600x600.jpg\" class=\"wp-post-image\" alt=\"\" title=\"pens sellador marino blanco\" data-caption=\"\" data-src=\"https:\/\/www.pennsylvania.com.mx\/wp-content\/uploads\/2024\/01\/pens-sellador-marino-blanco.jpg\" data-large_image=\"https:\/\/www.pennsylvania.com.mx\/wp-content\/uploads\/2024\/01\/pens-sellador-marino-blanco.jpg\" data-large_image_width=\"800\" data-large_image_height=\"800\" srcset=\"https:\/\/www.pennsylvania.com.mx\/wp-content\/uploads\/2024\/01\/pens-sellador-marino-blanco-600x600.jpg 600w, https:\/\/www.pennsylvania.com.mx\/wp-content\/uploads\/2024\/01\/pens-sellador-marino-blanco-300x300.jpg 300w, https:\/\/www.pennsylvania.com.mx\/wp-content\/uploads\/2024\/01\/pens-sellador-marino-blanco-150x150.jpg 150w, https:\/\/www.pennsylvania.com.mx\/wp-content\/uploads\/2024\/01\/pens-sellador-marino-blanco-768x768.jpg 768w, https:\/\/www.pennsylvania.com.mx\/wp-content\/uploads\/2024\/01\/pens-sellador-marino-blanco-650x650.jpg 650w, https:\/\/www.pennsylvania.com.mx\/wp-content\/uploads\/2024\/01\/pens-sellador-marino-blanco-100x100.jpg 100w, https:\/\/www.pennsylvania.com.mx\/wp-content\/uploads\/2024\/01\/pens-sellador-marino-blanco-64x64.jpg 64w, https:\/\/www.pennsylvania.com.mx\/wp-content\/uploads\/2024\/01\/pens-sellador-marino-blanco.jpg 800w\" sizes=\"(max-width: 600px) 100vw, 600px\" \/><\/a><\/div><div class=\"qodef-woo-thumbnails-wrapper\"><div data-thumb=\"https:\/\/www.pennsylvania.com.mx\/wp-content\/uploads\/2024\/01\/aplicacion-sellador-marino-600x600.jpg\" data-thumb-alt=\"\" class=\"woocommerce-product-gallery__image\"><a href=\"https:\/\/www.pennsylvania.com.mx\/wp-content\/uploads\/2024\/01\/aplicacion-sellador-marino.jpg\"><img decoding=\"async\" width=\"600\" height=\"600\" src=\"https:\/\/www.pennsylvania.com.mx\/wp-content\/uploads\/2024\/01\/aplicacion-sellador-marino-600x600.jpg\" class=\"\" alt=\"\" title=\"aplicacion sellador marino\" data-caption=\"\" data-src=\"https:\/\/www.pennsylvania.com.mx\/wp-content\/uploads\/2024\/01\/aplicacion-sellador-marino.jpg\" data-large_image=\"https:\/\/www.pennsylvania.com.mx\/wp-content\/uploads\/2024\/01\/aplicacion-sellador-marino.jpg\" data-large_image_width=\"800\" data-large_image_height=\"800\" srcset=\"https:\/\/www.pennsylvania.com.mx\/wp-content\/uploads\/2024\/01\/aplicacion-sellador-marino-600x600.jpg 600w, https:\/\/www.pennsylvania.com.mx\/wp-content\/uploads\/2024\/01\/aplicacion-sellador-marino-300x300.jpg 300w, https:\/\/www.pennsylvania.com.mx\/wp-content\/uploads\/2024\/01\/aplicacion-sellador-marino-150x150.jpg 150w, https:\/\/www.pennsylvania.com.mx\/wp-content\/uploads\/2024\/01\/aplicacion-sellador-marino-768x768.jpg 768w, https:\/\/www.pennsylvania.com.mx\/wp-content\/uploads\/2024\/01\/aplicacion-sellador-marino-650x650.jpg 650w, https:\/\/www.pennsylvania.com.mx\/wp-content\/uploads\/2024\/01\/aplicacion-sellador-marino-100x100.jpg 100w, https:\/\/www.pennsylvania.com.mx\/wp-content\/uploads\/2024\/01\/aplicacion-sellador-marino.jpg 800w\" sizes=\"(max-width: 600px) 100vw, 600px\" \/><\/a><\/div><\/div>\t<\/div>\n<\/div>\n\t\t<\/div>\n\t\t\t\t<\/div>\n\t\t\t\t<\/div>\n\t\t<div class=\"elementor-element elementor-element-1098bf33 e-con-full e-flex e-con e-child\" data-id=\"1098bf33\" data-element_type=\"container\">\n\t\t\t\t<div class=\"elementor-element elementor-element-4ebdfaa elementor-widget elementor-widget-woocommerce-product-title elementor-page-title elementor-widget-heading\" data-id=\"4ebdfaa\" data-element_type=\"widget\" data-widget_type=\"woocommerce-product-title.default\">\n\t\t\t\t<div class=\"elementor-widget-container\">\n\t\t\t<style>\/*! elementor - v3.23.0 - 15-07-2024 *\/\n.elementor-heading-title{padding:0;margin:0;line-height:1}.elementor-widget-heading .elementor-heading-title[class*=elementor-size-]>a{color:inherit;font-size:inherit;line-height:inherit}.elementor-widget-heading .elementor-heading-title.elementor-size-small{font-size:15px}.elementor-widget-heading .elementor-heading-title.elementor-size-medium{font-size:19px}.elementor-widget-heading .elementor-heading-title.elementor-size-large{font-size:29px}.elementor-widget-heading .elementor-heading-title.elementor-size-xl{font-size:39px}.elementor-widget-heading .elementor-heading-title.elementor-size-xxl{font-size:59px}<\/style><h1 class=\"product_title entry-title elementor-heading-title elementor-size-default\">pens\u00ae sellador MARINO<\/h1>\t\t<\/div>\n\t\t\t\t<\/div>\n\t\t\t\t<div class=\"elementor-element elementor-element-bd3eba3 tipofquimica elementor-widget elementor-widget-heading\" data-id=\"bd3eba3\" data-element_type=\"widget\" data-widget_type=\"heading.default\">\n\t\t\t\t<div class=\"elementor-widget-container\">\n\t\t\t<h3 class=\"elementor-heading-title elementor-size-default\">Familia: <a href=\"\/producto-categoria\/familia-selladores-hibridos\/\">Selladores H\u00edbridos<\/a><\/h3>\t\t<\/div>\n\t\t\t\t<\/div>\n\t\t\t\t<div class=\"elementor-element elementor-element-8b51a7d elementor-widget elementor-widget-woocommerce-product-short-description\" data-id=\"8b51a7d\" data-element_type=\"widget\" data-widget_type=\"woocommerce-product-short-description.default\">\n\t\t\t\t<div class=\"elementor-widget-container\">\n\t\t\t<div class=\"woocommerce-product-details__short-description\">\n\t<p>Sellador h\u00edbrido ideal para aplicaciones en superficies secas, h\u00famedas, incluso debajo del agua salada, manteniendo a largo plazo sus propiedades adhesivas y el\u00e1sticas. Sella juntas en embarcaciones, entre materiales tales como aluminio, vidrio, madera, l\u00e1mina, fibra de vidrio, entre otros.<\/p>\n<\/div>\n\t\t<\/div>\n\t\t\t\t<\/div>\n\t\t\t\t<div class=\"elementor-element elementor-element-6f022553 elementor-widget elementor-widget-heading\" data-id=\"6f022553\" data-element_type=\"widget\" data-widget_type=\"heading.default\">\n\t\t\t\t<div class=\"elementor-widget-container\">\n\t\t\t<h5 class=\"elementor-heading-title elementor-size-default\">Desarrollado para el mercado de:<\/h5>\t\t<\/div>\n\t\t\t\t<\/div>\n\t\t<div class=\"elementor-element elementor-element-7a273915 e-con-full e-flex e-con e-child\" data-id=\"7a273915\" data-element_type=\"container\">\n\t\t\t\t<div class=\"elementor-element elementor-element-58a38e03 elementor-widget elementor-widget-image\" data-id=\"58a38e03\" data-element_type=\"widget\" data-widget_type=\"image.default\">\n\t\t\t\t<div class=\"elementor-widget-container\">\n\t\t\t<style>\/*! elementor - v3.23.0 - 15-07-2024 *\/\n.elementor-widget-image{text-align:center}.elementor-widget-image a{display:inline-block}.elementor-widget-image a img[src$=\".svg\"]{width:48px}.elementor-widget-image img{vertical-align:middle;display:inline-block}<\/style>\t\t\t\t\t\t\t\t\t\t<img decoding=\"async\" width=\"60\" height=\"60\" src=\"https:\/\/www.pennsylvania.com.mx\/wp-content\/uploads\/2024\/01\/ic-merc-pro-consumo_ferretero.svg\" class=\"attachment-full size-full wp-image-13367\" alt=\"\" \/>\t\t\t\t\t\t\t\t\t\t\t\t\t<\/div>\n\t\t\t\t<\/div>\n\t\t\t\t<div class=\"elementor-element elementor-element-4bf04cc5 elementor-list-item-link-inline cl3 elementor-icon-list--layout-traditional elementor-widget elementor-widget-icon-list\" data-id=\"4bf04cc5\" data-element_type=\"widget\" data-widget_type=\"icon-list.default\">\n\t\t\t\t<div class=\"elementor-widget-container\">\n\t\t\t<link rel=\"stylesheet\" href=\"https:\/\/www.pennsylvania.com.mx\/wp-content\/plugins\/elementor\/assets\/css\/widget-icon-list.min.css\">\t\t<ul class=\"elementor-icon-list-items\">\n\t\t\t\t\t\t\t<li class=\"elementor-icon-list-item\">\n\t\t\t\t\t\t\t\t\t\t<span class=\"elementor-icon-list-text\">Consumo \/ Ferretero<\/span>\n\t\t\t\t\t\t\t\t\t<\/li>\n\t\t\t\t\t\t<\/ul>\n\t\t\t\t<\/div>\n\t\t\t\t<\/div>\n\t\t\t\t<div class=\"elementor-element elementor-element-189227bd elementor-widget elementor-widget-image\" data-id=\"189227bd\" data-element_type=\"widget\" data-widget_type=\"image.default\">\n\t\t\t\t<div class=\"elementor-widget-container\">\n\t\t\t\t\t\t\t\t\t\t\t\t\t<img loading=\"lazy\" decoding=\"async\" width=\"60\" height=\"60\" src=\"https:\/\/www.pennsylvania.com.mx\/wp-content\/uploads\/2024\/01\/ic-merc-pro-industria.svg\" class=\"attachment-full size-full wp-image-13368\" alt=\"\" \/>\t\t\t\t\t\t\t\t\t\t\t\t\t<\/div>\n\t\t\t\t<\/div>\n\t\t\t\t<div class=\"elementor-element elementor-element-5138e4b0 elementor-list-item-link-inline cl3 elementor-icon-list--layout-traditional elementor-widget elementor-widget-icon-list\" data-id=\"5138e4b0\" data-element_type=\"widget\" data-widget_type=\"icon-list.default\">\n\t\t\t\t<div class=\"elementor-widget-container\">\n\t\t\t\t\t<ul class=\"elementor-icon-list-items\">\n\t\t\t\t\t\t\t<li class=\"elementor-icon-list-item\">\n\t\t\t\t\t\t\t\t\t\t<span class=\"elementor-icon-list-text\">Industria<\/span>\n\t\t\t\t\t\t\t\t\t<\/li>\n\t\t\t\t\t\t<\/ul>\n\t\t\t\t<\/div>\n\t\t\t\t<\/div>\n\t\t\t\t<\/div>\n\t\t\t\t<div class=\"elementor-element elementor-element-211f3341 elementor-widget elementor-widget-heading\" data-id=\"211f3341\" data-element_type=\"widget\" data-widget_type=\"heading.default\">\n\t\t\t\t<div class=\"elementor-widget-container\">\n\t\t\t<h5 class=\"elementor-heading-title elementor-size-default\">Presentaciones:<\/h5>\t\t<\/div>\n\t\t\t\t<\/div>\n\t\t<div class=\"elementor-element elementor-element-ecc79e3 e-con-full e-flex e-con e-child\" data-id=\"ecc79e3\" data-element_type=\"container\">\n\t\t\t\t<div class=\"elementor-element elementor-element-70012240 ic-presentacion-dtll-p elementor-widget elementor-widget-image\" data-id=\"70012240\" data-element_type=\"widget\" data-widget_type=\"image.default\">\n\t\t\t\t<div class=\"elementor-widget-container\">\n\t\t\t\t\t\t\t\t\t\t\t\t\t<img loading=\"lazy\" decoding=\"async\" width=\"50\" height=\"50\" src=\"https:\/\/www.pennsylvania.com.mx\/wp-content\/uploads\/2024\/01\/cartucho_icono.svg\" class=\"attachment-full size-full wp-image-13393\" alt=\"\" \/>\t\t\t\t\t\t\t\t\t\t\t\t\t<\/div>\n\t\t\t\t<\/div>\n\t\t\t\t<div class=\"elementor-element elementor-element-2067041d elementor-list-item-link-inline cl3 elementor-icon-list--layout-traditional elementor-widget elementor-widget-icon-list\" data-id=\"2067041d\" data-element_type=\"widget\" data-widget_type=\"icon-list.default\">\n\t\t\t\t<div class=\"elementor-widget-container\">\n\t\t\t\t\t<ul class=\"elementor-icon-list-items\">\n\t\t\t\t\t\t\t<li class=\"elementor-icon-list-item\">\n\t\t\t\t\t\t\t\t\t\t<span class=\"elementor-icon-list-text\">300 ml<\/span>\n\t\t\t\t\t\t\t\t\t<\/li>\n\t\t\t\t\t\t<\/ul>\n\t\t\t\t<\/div>\n\t\t\t\t<\/div>\n\t\t\t\t<\/div>\n\t\t\t\t<div class=\"elementor-element elementor-element-770084 elementor-widget elementor-widget-heading\" data-id=\"770084\" data-element_type=\"widget\" data-widget_type=\"heading.default\">\n\t\t\t\t<div class=\"elementor-widget-container\">\n\t\t\t<h5 class=\"elementor-heading-title elementor-size-default\">Colores:<\/h5>\t\t<\/div>\n\t\t\t\t<\/div>\n\t\t<div class=\"elementor-element elementor-element-41b1838 e-con-full e-flex e-con e-child\" data-id=\"41b1838\" data-element_type=\"container\">\n\t\t\t\t<div class=\"elementor-element elementor-element-38ca222f elementor-list-item-link-inline cl1 elementor-icon-list--layout-traditional elementor-widget elementor-widget-icon-list\" data-id=\"38ca222f\" data-element_type=\"widget\" data-widget_type=\"icon-list.default\">\n\t\t\t\t<div class=\"elementor-widget-container\">\n\t\t\t\t\t<ul class=\"elementor-icon-list-items\">\n\t\t\t\t\t\t\t<li class=\"elementor-icon-list-item\">\n\t\t\t\t\t\t\t\t\t\t\t<span class=\"elementor-icon-list-icon\">\n\t\t\t\t\t\t\t<svg aria-hidden=\"true\" class=\"e-font-icon-svg e-fas-circle\" viewBox=\"0 0 512 512\" xmlns=\"http:\/\/www.w3.org\/2000\/svg\"><path d=\"M256 8C119 8 8 119 8 256s111 248 248 248 248-111 248-248S393 8 256 8z\"><\/path><\/svg>\t\t\t\t\t\t<\/span>\n\t\t\t\t\t\t\t\t\t\t<span class=\"elementor-icon-list-text\">Blanco<\/span>\n\t\t\t\t\t\t\t\t\t<\/li>\n\t\t\t\t\t\t<\/ul>\n\t\t\t\t<\/div>\n\t\t\t\t<\/div>\n\t\t\t\t<\/div>\n\t\t<div class=\"elementor-element elementor-element-b5c233e e-con-full e-flex e-con e-child\" data-id=\"b5c233e\" data-element_type=\"container\">\n\t\t\t\t<div class=\"elementor-element elementor-element-7a6429a7 btn-ftecnica elementor-widget elementor-widget-button\" data-id=\"7a6429a7\" data-element_type=\"widget\" data-widget_type=\"button.default\">\n\t\t\t\t<div class=\"elementor-widget-container\">\n\t\t\t\t\t<div class=\"elementor-button-wrapper\">\n\t\t\t<a class=\"elementor-button elementor-button-link elementor-size-xs\" href=\"\/wp-content\/uploads\/2024\/05\/pens-sellador-marino-HT-2024.pdf\" target=\"_blank\">\n\t\t\t\t\t\t<span class=\"elementor-button-content-wrapper\">\n\t\t\t\t\t\t<span class=\"elementor-button-icon\">\n\t\t\t\t<svg aria-hidden=\"true\" class=\"e-font-icon-svg e-fas-download\" viewBox=\"0 0 512 512\" xmlns=\"http:\/\/www.w3.org\/2000\/svg\"><path d=\"M216 0h80c13.3 0 24 10.7 24 24v168h87.7c17.8 0 26.7 21.5 14.1 34.1L269.7 378.3c-7.5 7.5-19.8 7.5-27.3 0L90.1 226.1c-12.6-12.6-3.7-34.1 14.1-34.1H192V24c0-13.3 10.7-24 24-24zm296 376v112c0 13.3-10.7 24-24 24H24c-13.3 0-24-10.7-24-24V376c0-13.3 10.7-24 24-24h146.7l49 49c20.1 20.1 52.5 20.1 72.6 0l49-49H488c13.3 0 24 10.7 24 24zm-124 88c0-11-9-20-20-20s-20 9-20 20 9 20 20 20 20-9 20-20zm64 0c0-11-9-20-20-20s-20 9-20 20 9 20 20 20 20-9 20-20z\"><\/path><\/svg>\t\t\t<\/span>\n\t\t\t\t\t\t\t\t\t<span class=\"elementor-button-text\">Hoja t\u00e9cnica<\/span>\n\t\t\t\t\t<\/span>\n\t\t\t\t\t<\/a>\n\t\t<\/div>\n\t\t\t\t<\/div>\n\t\t\t\t<\/div>\n\t\t\t\t<div class=\"elementor-element elementor-element-45a45acc btn-hseguridad elementor-widget elementor-widget-button\" data-id=\"45a45acc\" data-element_type=\"widget\" data-widget_type=\"button.default\">\n\t\t\t\t<div class=\"elementor-widget-container\">\n\t\t\t\t\t<div class=\"elementor-button-wrapper\">\n\t\t\t<a class=\"elementor-button elementor-button-link elementor-size-xs\" href=\"\/wp-content\/uploads\/2024\/05\/pens-sellador-marino-HDS.pdf\" target=\"_blank\">\n\t\t\t\t\t\t<span class=\"elementor-button-content-wrapper\">\n\t\t\t\t\t\t<span class=\"elementor-button-icon\">\n\t\t\t\t<svg aria-hidden=\"true\" class=\"e-font-icon-svg e-fas-download\" viewBox=\"0 0 512 512\" xmlns=\"http:\/\/www.w3.org\/2000\/svg\"><path d=\"M216 0h80c13.3 0 24 10.7 24 24v168h87.7c17.8 0 26.7 21.5 14.1 34.1L269.7 378.3c-7.5 7.5-19.8 7.5-27.3 0L90.1 226.1c-12.6-12.6-3.7-34.1 14.1-34.1H192V24c0-13.3 10.7-24 24-24zm296 376v112c0 13.3-10.7 24-24 24H24c-13.3 0-24-10.7-24-24V376c0-13.3 10.7-24 24-24h146.7l49 49c20.1 20.1 52.5 20.1 72.6 0l49-49H488c13.3 0 24 10.7 24 24zm-124 88c0-11-9-20-20-20s-20 9-20 20 9 20 20 20 20-9 20-20zm64 0c0-11-9-20-20-20s-20 9-20 20 9 20 20 20 20-9 20-20z\"><\/path><\/svg>\t\t\t<\/span>\n\t\t\t\t\t\t\t\t\t<span class=\"elementor-button-text\">Hoja de seguridad<\/span>\n\t\t\t\t\t<\/span>\n\t\t\t\t\t<\/a>\n\t\t<\/div>\n\t\t\t\t<\/div>\n\t\t\t\t<\/div>\n\t\t\t\t<div class=\"elementor-element elementor-element-e4e75c0 btn-hseguridad elementor-widget elementor-widget-button\" data-id=\"e4e75c0\" data-element_type=\"widget\" data-widget_type=\"button.default\">\n\t\t\t\t<div class=\"elementor-widget-container\">\n\t\t\t\t\t<div class=\"elementor-button-wrapper\">\n\t\t\t<a class=\"elementor-button elementor-button-link elementor-size-xs\" href=\"https:\/\/www.youtube.com\/watch?v=UTltNc0gg6o\" target=\"_blank\">\n\t\t\t\t\t\t<span class=\"elementor-button-content-wrapper\">\n\t\t\t\t\t\t<span class=\"elementor-button-icon\">\n\t\t\t\t<svg aria-hidden=\"true\" class=\"e-font-icon-svg e-fas-arrow-right\" viewBox=\"0 0 448 512\" xmlns=\"http:\/\/www.w3.org\/2000\/svg\"><path d=\"M190.5 66.9l22.2-22.2c9.4-9.4 24.6-9.4 33.9 0L441 239c9.4 9.4 9.4 24.6 0 33.9L246.6 467.3c-9.4 9.4-24.6 9.4-33.9 0l-22.2-22.2c-9.5-9.5-9.3-25 .4-34.3L311.4 296H24c-13.3 0-24-10.7-24-24v-32c0-13.3 10.7-24 24-24h287.4L190.9 101.2c-9.8-9.3-10-24.8-.4-34.3z\"><\/path><\/svg>\t\t\t<\/span>\n\t\t\t\t\t\t\t\t\t<span class=\"elementor-button-text\">Ver video<\/span>\n\t\t\t\t\t<\/span>\n\t\t\t\t\t<\/a>\n\t\t<\/div>\n\t\t\t\t<\/div>\n\t\t\t\t<\/div>\n\t\t\t\t<\/div>\n\t\t\t\t<\/div>\n\t\t\t\t\t<\/div>\n\t\t\t\t<\/div>\n\t\t<div class=\"elementor-element elementor-element-74e90c0 secc-vntjasproduct e-flex e-con-boxed e-con e-parent\" data-id=\"74e90c0\" data-element_type=\"container\">\n\t\t\t\t\t<div class=\"e-con-inner\">\n\t\t<div class=\"elementor-element elementor-element-b9dcb9a e-con-full e-flex e-con e-child\" data-id=\"b9dcb9a\" data-element_type=\"container\">\n\t\t<div class=\"elementor-element elementor-element-11ad79c0 e-con-full e-flex e-con e-child\" data-id=\"11ad79c0\" data-element_type=\"container\">\n\t\t\t\t<div class=\"elementor-element elementor-element-6956d9ac elementor-widget elementor-widget-heading\" data-id=\"6956d9ac\" data-element_type=\"widget\" data-widget_type=\"heading.default\">\n\t\t\t\t<div class=\"elementor-widget-container\">\n\t\t\t<h2 class=\"elementor-heading-title elementor-size-default\">Ventajas<\/h2>\t\t<\/div>\n\t\t\t\t<\/div>\n\t\t\t\t<\/div>\n\t\t<div class=\"elementor-element elementor-element-7de85730 e-con-full e-flex e-con e-child\" data-id=\"7de85730\" data-element_type=\"container\">\n\t\t\t\t<div class=\"elementor-element elementor-element-4412e67e elementor-widget elementor-widget-woocommerce-product-title elementor-page-title elementor-widget-heading\" data-id=\"4412e67e\" data-element_type=\"widget\" data-widget_type=\"woocommerce-product-title.default\">\n\t\t\t\t<div class=\"elementor-widget-container\">\n\t\t\t<h1 class=\"product_title entry-title elementor-heading-title elementor-size-default\">pens\u00ae sellador MARINO<\/h1>\t\t<\/div>\n\t\t\t\t<\/div>\n\t\t\t\t<\/div>\n\t\t\t\t<\/div>\n\t\t<div class=\"elementor-element elementor-element-3ed5f960 e-con-full e-flex e-con e-child\" data-id=\"3ed5f960\" data-element_type=\"container\">\n\t\t<div class=\"elementor-element elementor-element-4546419 e-con-full e-flex e-con e-child\" data-id=\"4546419\" data-element_type=\"container\">\n\t\t\t\t<div class=\"elementor-element elementor-element-18d250f elementor-widget elementor-widget-image\" data-id=\"18d250f\" data-element_type=\"widget\" data-widget_type=\"image.default\">\n\t\t\t\t<div class=\"elementor-widget-container\">\n\t\t\t\t\t\t\t\t\t\t\t\t\t<img loading=\"lazy\" decoding=\"async\" width=\"100\" height=\"100\" src=\"https:\/\/www.pennsylvania.com.mx\/wp-content\/uploads\/2024\/01\/Puede-aplicarse-bajo-el-agua.jpg\" class=\"attachment-full size-full wp-image-14382\" alt=\"\" \/>\t\t\t\t\t\t\t\t\t\t\t\t\t<\/div>\n\t\t\t\t<\/div>\n\t\t\t\t<div class=\"elementor-element elementor-element-695a84b3 elementor-widget elementor-widget-heading\" data-id=\"695a84b3\" data-element_type=\"widget\" data-widget_type=\"heading.default\">\n\t\t\t\t<div class=\"elementor-widget-container\">\n\t\t\t<h5 class=\"elementor-heading-title elementor-size-default\">Puede aplicarse bajo el agua<\/h5>\t\t<\/div>\n\t\t\t\t<\/div>\n\t\t\t\t<\/div>\n\t\t<div class=\"elementor-element elementor-element-6755fb16 e-con-full e-flex e-con e-child\" data-id=\"6755fb16\" data-element_type=\"container\">\n\t\t\t\t<div class=\"elementor-element elementor-element-2ac735f5 elementor-widget elementor-widget-image\" data-id=\"2ac735f5\" data-element_type=\"widget\" data-widget_type=\"image.default\">\n\t\t\t\t<div class=\"elementor-widget-container\">\n\t\t\t\t\t\t\t\t\t\t\t\t\t<img loading=\"lazy\" decoding=\"async\" width=\"100\" height=\"100\" src=\"https:\/\/www.pennsylvania.com.mx\/wp-content\/uploads\/2024\/01\/No-es-corrosivo.jpg\" class=\"attachment-full size-full wp-image-14365\" alt=\"\" \/>\t\t\t\t\t\t\t\t\t\t\t\t\t<\/div>\n\t\t\t\t<\/div>\n\t\t\t\t<div class=\"elementor-element elementor-element-23335c49 elementor-widget elementor-widget-heading\" data-id=\"23335c49\" data-element_type=\"widget\" data-widget_type=\"heading.default\">\n\t\t\t\t<div class=\"elementor-widget-container\">\n\t\t\t<h5 class=\"elementor-heading-title elementor-size-default\">No es corrosivo<\/h5>\t\t<\/div>\n\t\t\t\t<\/div>\n\t\t\t\t<\/div>\n\t\t<div class=\"elementor-element elementor-element-2f700e2 e-con-full e-flex e-con e-child\" data-id=\"2f700e2\" data-element_type=\"container\">\n\t\t\t\t<div class=\"elementor-element elementor-element-51e467b1 elementor-widget elementor-widget-image\" data-id=\"51e467b1\" data-element_type=\"widget\" data-widget_type=\"image.default\">\n\t\t\t\t<div class=\"elementor-widget-container\">\n\t\t\t\t\t\t\t\t\t\t\t\t\t<img loading=\"lazy\" decoding=\"async\" width=\"100\" height=\"100\" src=\"https:\/\/www.pennsylvania.com.mx\/wp-content\/uploads\/2024\/01\/Resistente-a-la-humedad-salina.jpg\" class=\"attachment-full size-full wp-image-14384\" alt=\"\" \/>\t\t\t\t\t\t\t\t\t\t\t\t\t<\/div>\n\t\t\t\t<\/div>\n\t\t\t\t<div class=\"elementor-element elementor-element-5e26675d elementor-widget elementor-widget-heading\" data-id=\"5e26675d\" data-element_type=\"widget\" data-widget_type=\"heading.default\">\n\t\t\t\t<div class=\"elementor-widget-container\">\n\t\t\t<h5 class=\"elementor-heading-title elementor-size-default\">Resistente a la humedad salina<\/h5>\t\t<\/div>\n\t\t\t\t<\/div>\n\t\t\t\t<\/div>\n\t\t<div class=\"elementor-element elementor-element-48c2dfc8 e-con-full e-flex e-con e-child\" data-id=\"48c2dfc8\" data-element_type=\"container\">\n\t\t\t\t<div class=\"elementor-element elementor-element-bcd144d elementor-widget elementor-widget-image\" data-id=\"bcd144d\" data-element_type=\"widget\" data-widget_type=\"image.default\">\n\t\t\t\t<div class=\"elementor-widget-container\">\n\t\t\t\t\t\t\t\t\t\t\t\t\t<img loading=\"lazy\" decoding=\"async\" width=\"100\" height=\"100\" src=\"https:\/\/www.pennsylvania.com.mx\/wp-content\/uploads\/2024\/01\/pintable.svg\" class=\"attachment-full size-full wp-image-12932\" alt=\"\" \/>\t\t\t\t\t\t\t\t\t\t\t\t\t<\/div>\n\t\t\t\t<\/div>\n\t\t\t\t<div class=\"elementor-element elementor-element-4854e38c elementor-widget elementor-widget-heading\" data-id=\"4854e38c\" data-element_type=\"widget\" data-widget_type=\"heading.default\">\n\t\t\t\t<div class=\"elementor-widget-container\">\n\t\t\t<h5 class=\"elementor-heading-title elementor-size-default\">Pintable<\/h5>\t\t<\/div>\n\t\t\t\t<\/div>\n\t\t\t\t<\/div>\n\t\t\t\t<\/div>\n\t\t\t\t\t<\/div>\n\t\t\t\t<\/div>\n\t\t\t\t<\/div>\n\t\t","protected":false},"excerpt":{"rendered":"<p>Sellador h\u00edbrido ideal para aplicaciones en superficies secas, h\u00famedas, incluso debajo del agua salada, manteniendo a largo plazo sus propiedades adhesivas y el\u00e1sticas. Sella juntas en embarcaciones, entre materiales tales como aluminio, vidrio, madera, l\u00e1mina, fibra de vidrio, entre otros.<\/p>\n","protected":false},"featured_media":27798,"comment_status":"open","ping_status":"closed","template":"","meta":[],"product_cat":[124,130,133],"product_tag":[],"class_list":{"0":"post-30635","1":"product","2":"type-product","3":"status-publish","4":"has-post-thumbnail","6":"product_cat-hardware-stores-en","7":"product_cat-family-hybrid-sealants","8":"product_cat-industry","10":"first","11":"instock","12":"shipping-taxable","13":"product-type-simple"},"_links":{"self":[{"href":"https:\/\/www.pennsylvania.com.mx\/en\/wp-json\/wp\/v2\/product\/30635","targetHints":{"allow":["GET"]}}],"collection":[{"href":"https:\/\/www.pennsylvania.com.mx\/en\/wp-json\/wp\/v2\/product"}],"about":[{"href":"https:\/\/www.pennsylvania.com.mx\/en\/wp-json\/wp\/v2\/types\/product"}],"replies":[{"embeddable":true,"href":"https:\/\/www.pennsylvania.com.mx\/en\/wp-json\/wp\/v2\/comments?post=30635"}],"version-history":[{"count":0,"href":"https:\/\/www.pennsylvania.com.mx\/en\/wp-json\/wp\/v2\/product\/30635\/revisions"}],"wp:featuredmedia":[{"embeddable":true,"href":"https:\/\/www.pennsylvania.com.mx\/en\/wp-json\/wp\/v2\/media\/27798"}],"wp:attachment":[{"href":"https:\/\/www.pennsylvania.com.mx\/en\/wp-json\/wp\/v2\/media?parent=30635"}],"wp:term":[{"taxonomy":"product_cat","embeddable":true,"href":"https:\/\/www.pennsylvania.com.mx\/en\/wp-json\/wp\/v2\/product_cat?post=30635"},{"taxonomy":"product_tag","embeddable":true,"href":"https:\/\/www.pennsylvania.com.mx\/en\/wp-json\/wp\/v2\/product_tag?post=30635"}],"curies":[{"name":"wp","href":"https:\/\/api.w.org\/{rel}","templated":true}]}}