{"id":30636,"date":"2024-01-18T17:41:02","date_gmt":"2024-01-18T17:41:02","guid":{"rendered":"https:\/\/www.pennsylvania.com.mx\/productos\/empaques-tpv\/"},"modified":"2024-01-18T17:41:02","modified_gmt":"2024-01-18T17:41:02","slug":"empaques-tpv","status":"publish","type":"product","link":"https:\/\/www.pennsylvania.com.mx\/en\/productos\/empaques-tpv\/","title":{"rendered":"empaques TPV"},"content":{"rendered":"\t\t<div data-elementor-type=\"product-post\" data-elementor-id=\"30636\" class=\"elementor elementor-30636\" data-elementor-post-type=\"product\">\n\t\t\t\t<div class=\"elementor-element elementor-element-13ee0455 e-flex e-con-boxed e-con e-parent\" data-id=\"13ee0455\" data-element_type=\"container\" data-settings=\"{&quot;background_background&quot;:&quot;classic&quot;}\">\n\t\t\t\t\t<div class=\"e-con-inner\">\n\t\t\t\t<div class=\"elementor-element elementor-element-6f98bc4f elementor-widget elementor-widget-woocommerce-breadcrumb\" data-id=\"6f98bc4f\" data-element_type=\"widget\" data-widget_type=\"woocommerce-breadcrumb.default\">\n\t\t\t\t<div class=\"elementor-widget-container\">\n\t\t\t<link rel=\"stylesheet\" href=\"https:\/\/www.pennsylvania.com.mx\/wp-content\/plugins\/elementor-pro\/assets\/css\/widget-woocommerce.min.css\"><nav class=\"woocommerce-breadcrumb\" aria-label=\"Breadcrumb\">Home<\/nav>\t\t<\/div>\n\t\t\t\t<\/div>\n\t\t\t\t\t<\/div>\n\t\t\t\t<\/div>\n\t\t<div class=\"elementor-element elementor-element-1966bacd secc-infoprinc-dtllproduc e-flex e-con-boxed e-con e-parent\" data-id=\"1966bacd\" data-element_type=\"container\" data-settings=\"{&quot;background_background&quot;:&quot;gradient&quot;}\">\n\t\t\t\t\t<div class=\"e-con-inner\">\n\t\t<div class=\"elementor-element elementor-element-3c218f55 e-con-full e-flex e-con e-child\" data-id=\"3c218f55\" data-element_type=\"container\">\n\t\t\t\t<div class=\"elementor-element elementor-element-2a5b9821 yes elementor-widget elementor-widget-woocommerce-product-images\" data-id=\"2a5b9821\" data-element_type=\"widget\" data-widget_type=\"woocommerce-product-images.default\">\n\t\t\t\t<div class=\"elementor-widget-container\">\n\t\t\t<div class=\"woocommerce-product-gallery woocommerce-product-gallery--with-images woocommerce-product-gallery--columns-4 images qodef-position--left\" data-columns=\"4\" style=\"opacity: 0; transition: opacity .25s ease-in-out;\">\n\t<div class=\"woocommerce-product-gallery__wrapper\">\n\t\t<div data-thumb=\"https:\/\/www.pennsylvania.com.mx\/wp-content\/uploads\/2024\/01\/empaques-TPV-600x600.jpg\" data-thumb-alt=\"\" class=\"woocommerce-product-gallery__image\"><a href=\"https:\/\/www.pennsylvania.com.mx\/wp-content\/uploads\/2024\/01\/empaques-TPV.jpg\"><img fetchpriority=\"high\" decoding=\"async\" width=\"600\" height=\"600\" src=\"https:\/\/www.pennsylvania.com.mx\/wp-content\/uploads\/2024\/01\/empaques-TPV-600x600.jpg\" class=\"wp-post-image\" alt=\"\" title=\"empaques TPV\" data-caption=\"\" data-src=\"https:\/\/www.pennsylvania.com.mx\/wp-content\/uploads\/2024\/01\/empaques-TPV.jpg\" data-large_image=\"https:\/\/www.pennsylvania.com.mx\/wp-content\/uploads\/2024\/01\/empaques-TPV.jpg\" data-large_image_width=\"800\" data-large_image_height=\"800\" srcset=\"https:\/\/www.pennsylvania.com.mx\/wp-content\/uploads\/2024\/01\/empaques-TPV-600x600.jpg 600w, https:\/\/www.pennsylvania.com.mx\/wp-content\/uploads\/2024\/01\/empaques-TPV-300x300.jpg 300w, https:\/\/www.pennsylvania.com.mx\/wp-content\/uploads\/2024\/01\/empaques-TPV-150x150.jpg 150w, https:\/\/www.pennsylvania.com.mx\/wp-content\/uploads\/2024\/01\/empaques-TPV-768x768.jpg 768w, https:\/\/www.pennsylvania.com.mx\/wp-content\/uploads\/2024\/01\/empaques-TPV-650x650.jpg 650w, https:\/\/www.pennsylvania.com.mx\/wp-content\/uploads\/2024\/01\/empaques-TPV-100x100.jpg 100w, https:\/\/www.pennsylvania.com.mx\/wp-content\/uploads\/2024\/01\/empaques-TPV.jpg 800w\" sizes=\"(max-width: 600px) 100vw, 600px\" \/><\/a><\/div><div class=\"qodef-woo-thumbnails-wrapper\"><div data-thumb=\"https:\/\/www.pennsylvania.com.mx\/wp-content\/uploads\/2024\/01\/aplicaciones-TPV-600x600.jpg\" data-thumb-alt=\"\" class=\"woocommerce-product-gallery__image\"><a href=\"https:\/\/www.pennsylvania.com.mx\/wp-content\/uploads\/2024\/01\/aplicaciones-TPV.jpg\"><img decoding=\"async\" width=\"600\" height=\"600\" src=\"https:\/\/www.pennsylvania.com.mx\/wp-content\/uploads\/2024\/01\/aplicaciones-TPV-600x600.jpg\" class=\"\" alt=\"\" title=\"aplicaciones TPV\" data-caption=\"\" data-src=\"https:\/\/www.pennsylvania.com.mx\/wp-content\/uploads\/2024\/01\/aplicaciones-TPV.jpg\" data-large_image=\"https:\/\/www.pennsylvania.com.mx\/wp-content\/uploads\/2024\/01\/aplicaciones-TPV.jpg\" data-large_image_width=\"800\" data-large_image_height=\"800\" srcset=\"https:\/\/www.pennsylvania.com.mx\/wp-content\/uploads\/2024\/01\/aplicaciones-TPV-600x600.jpg 600w, https:\/\/www.pennsylvania.com.mx\/wp-content\/uploads\/2024\/01\/aplicaciones-TPV-300x300.jpg 300w, https:\/\/www.pennsylvania.com.mx\/wp-content\/uploads\/2024\/01\/aplicaciones-TPV-150x150.jpg 150w, https:\/\/www.pennsylvania.com.mx\/wp-content\/uploads\/2024\/01\/aplicaciones-TPV-768x768.jpg 768w, https:\/\/www.pennsylvania.com.mx\/wp-content\/uploads\/2024\/01\/aplicaciones-TPV-650x650.jpg 650w, https:\/\/www.pennsylvania.com.mx\/wp-content\/uploads\/2024\/01\/aplicaciones-TPV-100x100.jpg 100w, https:\/\/www.pennsylvania.com.mx\/wp-content\/uploads\/2024\/01\/aplicaciones-TPV.jpg 800w\" sizes=\"(max-width: 600px) 100vw, 600px\" \/><\/a><\/div><\/div>\t<\/div>\n<\/div>\n\t\t<\/div>\n\t\t\t\t<\/div>\n\t\t\t\t<\/div>\n\t\t<div class=\"elementor-element elementor-element-63cab748 e-con-full e-flex e-con e-child\" data-id=\"63cab748\" data-element_type=\"container\">\n\t\t\t\t<div class=\"elementor-element elementor-element-7c26e306 elementor-widget elementor-widget-woocommerce-product-title elementor-page-title elementor-widget-heading\" data-id=\"7c26e306\" data-element_type=\"widget\" data-widget_type=\"woocommerce-product-title.default\">\n\t\t\t\t<div class=\"elementor-widget-container\">\n\t\t\t<style>\/*! elementor - v3.23.0 - 15-07-2024 *\/\n.elementor-heading-title{padding:0;margin:0;line-height:1}.elementor-widget-heading .elementor-heading-title[class*=elementor-size-]>a{color:inherit;font-size:inherit;line-height:inherit}.elementor-widget-heading .elementor-heading-title.elementor-size-small{font-size:15px}.elementor-widget-heading .elementor-heading-title.elementor-size-medium{font-size:19px}.elementor-widget-heading .elementor-heading-title.elementor-size-large{font-size:29px}.elementor-widget-heading .elementor-heading-title.elementor-size-xl{font-size:39px}.elementor-widget-heading .elementor-heading-title.elementor-size-xxl{font-size:59px}<\/style><h1 class=\"product_title entry-title elementor-heading-title elementor-size-default\">empaques TPV<\/h1>\t\t<\/div>\n\t\t\t\t<\/div>\n\t\t\t\t<div class=\"elementor-element elementor-element-5af15b1 tipofquimica elementor-widget elementor-widget-heading\" data-id=\"5af15b1\" data-element_type=\"widget\" data-widget_type=\"heading.default\">\n\t\t\t\t<div class=\"elementor-widget-container\">\n\t\t\t<h3 class=\"elementor-heading-title elementor-size-default\">Familia: <a href=\"\/producto-categoria\/familia-empaques\/\">Empaques<\/a><\/h3>\t\t<\/div>\n\t\t\t\t<\/div>\n\t\t\t\t<div class=\"elementor-element elementor-element-2d35eed2 elementor-widget elementor-widget-woocommerce-product-short-description\" data-id=\"2d35eed2\" data-element_type=\"widget\" data-widget_type=\"woocommerce-product-short-description.default\">\n\t\t\t\t<div class=\"elementor-widget-container\">\n\t\t\t<div class=\"woocommerce-product-details__short-description\">\n\t<p>Fabricado con un compuesto de EPDM y polipropileno, por lo cual tienen una gran resistencia a las altas y bajas temperaturas, as\u00ed como a la baja deformaci\u00f3n residual por compresi\u00f3n, lo cual lo hace un producto ideal para su uso en \u201cFachadas integrales con empaques\u201d y \u201cFachadas Unitizadas\u201d, as\u00ed como en perfiles de l\u00edneas Arquitect\u00f3nicas y sistemas de domos de policarbonato que requieran empaques, ya que no transmiten plastificantes; nuestros empaques tambi\u00e9n son compatibles con los vidrios de especialidad.<\/p>\n<\/div>\n\t\t<\/div>\n\t\t\t\t<\/div>\n\t\t\t\t<div class=\"elementor-element elementor-element-f32ab5c elementor-widget elementor-widget-heading\" data-id=\"f32ab5c\" data-element_type=\"widget\" data-widget_type=\"heading.default\">\n\t\t\t\t<div class=\"elementor-widget-container\">\n\t\t\t<h5 class=\"elementor-heading-title elementor-size-default\">Desarrollado para el mercado de:<\/h5>\t\t<\/div>\n\t\t\t\t<\/div>\n\t\t<div class=\"elementor-element elementor-element-3d6c9f6 e-con-full e-flex e-con e-child\" data-id=\"3d6c9f6\" data-element_type=\"container\">\n\t\t\t\t<div class=\"elementor-element elementor-element-fd1a643 elementor-widget elementor-widget-image\" data-id=\"fd1a643\" data-element_type=\"widget\" data-widget_type=\"image.default\">\n\t\t\t\t<div class=\"elementor-widget-container\">\n\t\t\t<style>\/*! elementor - v3.23.0 - 15-07-2024 *\/\n.elementor-widget-image{text-align:center}.elementor-widget-image a{display:inline-block}.elementor-widget-image a img[src$=\".svg\"]{width:48px}.elementor-widget-image img{vertical-align:middle;display:inline-block}<\/style>\t\t\t\t\t\t\t\t\t\t<img decoding=\"async\" width=\"60\" height=\"60\" src=\"https:\/\/www.pennsylvania.com.mx\/wp-content\/uploads\/2024\/01\/ic-merc-pro-aluminio_vidrio.svg\" class=\"attachment-full size-full wp-image-13365\" alt=\"\" \/>\t\t\t\t\t\t\t\t\t\t\t\t\t<\/div>\n\t\t\t\t<\/div>\n\t\t\t\t<div class=\"elementor-element elementor-element-76faa76 elementor-list-item-link-inline cl3 elementor-icon-list--layout-traditional elementor-widget elementor-widget-icon-list\" data-id=\"76faa76\" data-element_type=\"widget\" data-widget_type=\"icon-list.default\">\n\t\t\t\t<div class=\"elementor-widget-container\">\n\t\t\t<link rel=\"stylesheet\" href=\"https:\/\/www.pennsylvania.com.mx\/wp-content\/plugins\/elementor\/assets\/css\/widget-icon-list.min.css\">\t\t<ul class=\"elementor-icon-list-items\">\n\t\t\t\t\t\t\t<li class=\"elementor-icon-list-item\">\n\t\t\t\t\t\t\t\t\t\t<span class=\"elementor-icon-list-text\">Aluminio y Vidrio<\/span>\n\t\t\t\t\t\t\t\t\t<\/li>\n\t\t\t\t\t\t<\/ul>\n\t\t\t\t<\/div>\n\t\t\t\t<\/div>\n\t\t\t\t<div class=\"elementor-element elementor-element-987e925 elementor-widget elementor-widget-image\" data-id=\"987e925\" data-element_type=\"widget\" data-widget_type=\"image.default\">\n\t\t\t\t<div class=\"elementor-widget-container\">\n\t\t\t\t\t\t\t\t\t\t\t\t\t<img loading=\"lazy\" decoding=\"async\" width=\"60\" height=\"60\" src=\"https:\/\/www.pennsylvania.com.mx\/wp-content\/uploads\/2024\/01\/ic-merc-pro-industria.svg\" class=\"attachment-full size-full wp-image-13368\" alt=\"\" \/>\t\t\t\t\t\t\t\t\t\t\t\t\t<\/div>\n\t\t\t\t<\/div>\n\t\t\t\t<div class=\"elementor-element elementor-element-0f35963 elementor-list-item-link-inline cl3 elementor-icon-list--layout-traditional elementor-widget elementor-widget-icon-list\" data-id=\"0f35963\" data-element_type=\"widget\" data-widget_type=\"icon-list.default\">\n\t\t\t\t<div class=\"elementor-widget-container\">\n\t\t\t\t\t<ul class=\"elementor-icon-list-items\">\n\t\t\t\t\t\t\t<li class=\"elementor-icon-list-item\">\n\t\t\t\t\t\t\t\t\t\t<span class=\"elementor-icon-list-text\">Industria<\/span>\n\t\t\t\t\t\t\t\t\t<\/li>\n\t\t\t\t\t\t<\/ul>\n\t\t\t\t<\/div>\n\t\t\t\t<\/div>\n\t\t\t\t<\/div>\n\t\t<div class=\"elementor-element elementor-element-c164f8a e-con-full e-flex e-con e-child\" data-id=\"c164f8a\" data-element_type=\"container\">\n\t\t\t\t<\/div>\n\t\t\t\t<div class=\"elementor-element elementor-element-a5979f5 elementor-widget elementor-widget-heading\" data-id=\"a5979f5\" data-element_type=\"widget\" data-widget_type=\"heading.default\">\n\t\t\t\t<div class=\"elementor-widget-container\">\n\t\t\t<h5 class=\"elementor-heading-title elementor-size-default\">Presentaciones:<\/h5>\t\t<\/div>\n\t\t\t\t<\/div>\n\t\t<div class=\"elementor-element elementor-element-a4a7819 e-con-full e-flex e-con e-child\" data-id=\"a4a7819\" data-element_type=\"container\">\n\t\t\t\t<div class=\"elementor-element elementor-element-174b2d2 ic-presentacion-dtll-p elementor-widget elementor-widget-image\" data-id=\"174b2d2\" data-element_type=\"widget\" data-widget_type=\"image.default\">\n\t\t\t\t<div class=\"elementor-widget-container\">\n\t\t\t\t\t\t\t\t\t\t\t\t\t<img loading=\"lazy\" decoding=\"async\" width=\"50\" height=\"50\" src=\"https:\/\/www.pennsylvania.com.mx\/wp-content\/uploads\/2024\/01\/empaque_1.svg\" class=\"attachment-full size-full wp-image-13604\" alt=\"\" \/>\t\t\t\t\t\t\t\t\t\t\t\t\t<\/div>\n\t\t\t\t<\/div>\n\t\t\t\t<div class=\"elementor-element elementor-element-3549970 elementor-list-item-link-inline cl3 elementor-icon-list--layout-traditional elementor-widget elementor-widget-icon-list\" data-id=\"3549970\" data-element_type=\"widget\" data-widget_type=\"icon-list.default\">\n\t\t\t\t<div class=\"elementor-widget-container\">\n\t\t\t\t\t<ul class=\"elementor-icon-list-items\">\n\t\t\t\t\t\t\t<li class=\"elementor-icon-list-item\">\n\t\t\t\t\t\t\t\t\t\t<span class=\"elementor-icon-list-text\">Rollos de 5 kg<\/span>\n\t\t\t\t\t\t\t\t\t<\/li>\n\t\t\t\t\t\t<\/ul>\n\t\t\t\t<\/div>\n\t\t\t\t<\/div>\n\t\t\t\t<div class=\"elementor-element elementor-element-cb2780b ic-presentacion-dtll-p elementor-widget elementor-widget-image\" data-id=\"cb2780b\" data-element_type=\"widget\" data-widget_type=\"image.default\">\n\t\t\t\t<div class=\"elementor-widget-container\">\n\t\t\t\t\t\t\t\t\t\t\t\t\t<img loading=\"lazy\" decoding=\"async\" width=\"50\" height=\"50\" src=\"https:\/\/www.pennsylvania.com.mx\/wp-content\/uploads\/2024\/01\/empaque_1.svg\" class=\"attachment-full size-full wp-image-13604\" alt=\"\" \/>\t\t\t\t\t\t\t\t\t\t\t\t\t<\/div>\n\t\t\t\t<\/div>\n\t\t\t\t<div class=\"elementor-element elementor-element-1497288 elementor-list-item-link-inline cl3 elementor-icon-list--layout-traditional elementor-widget elementor-widget-icon-list\" data-id=\"1497288\" data-element_type=\"widget\" data-widget_type=\"icon-list.default\">\n\t\t\t\t<div class=\"elementor-widget-container\">\n\t\t\t\t\t<ul class=\"elementor-icon-list-items\">\n\t\t\t\t\t\t\t<li class=\"elementor-icon-list-item\">\n\t\t\t\t\t\t\t\t\t\t<span class=\"elementor-icon-list-text\">Rollos de 7 kg<\/span>\n\t\t\t\t\t\t\t\t\t<\/li>\n\t\t\t\t\t\t<\/ul>\n\t\t\t\t<\/div>\n\t\t\t\t<\/div>\n\t\t\t\t<\/div>\n\t\t\t\t<div class=\"elementor-element elementor-element-296af9bd elementor-widget elementor-widget-heading\" data-id=\"296af9bd\" data-element_type=\"widget\" data-widget_type=\"heading.default\">\n\t\t\t\t<div class=\"elementor-widget-container\">\n\t\t\t<h5 class=\"elementor-heading-title elementor-size-default\">Colores:<\/h5>\t\t<\/div>\n\t\t\t\t<\/div>\n\t\t<div class=\"elementor-element elementor-element-335aa21e e-con-full e-flex e-con e-child\" data-id=\"335aa21e\" data-element_type=\"container\">\n\t\t\t\t<div class=\"elementor-element elementor-element-4f807d78 elementor-list-item-link-inline elementor-icon-list--layout-traditional elementor-widget elementor-widget-icon-list\" data-id=\"4f807d78\" data-element_type=\"widget\" data-widget_type=\"icon-list.default\">\n\t\t\t\t<div class=\"elementor-widget-container\">\n\t\t\t\t\t<ul class=\"elementor-icon-list-items\">\n\t\t\t\t\t\t\t<li class=\"elementor-icon-list-item\">\n\t\t\t\t\t\t\t\t\t\t\t<span class=\"elementor-icon-list-icon\">\n\t\t\t\t\t\t\t<svg aria-hidden=\"true\" class=\"e-font-icon-svg e-fas-circle\" viewBox=\"0 0 512 512\" xmlns=\"http:\/\/www.w3.org\/2000\/svg\"><path d=\"M256 8C119 8 8 119 8 256s111 248 248 248 248-111 248-248S393 8 256 8z\"><\/path><\/svg>\t\t\t\t\t\t<\/span>\n\t\t\t\t\t\t\t\t\t\t<span class=\"elementor-icon-list-text\">Negro<\/span>\n\t\t\t\t\t\t\t\t\t<\/li>\n\t\t\t\t\t\t<\/ul>\n\t\t\t\t<\/div>\n\t\t\t\t<\/div>\n\t\t\t\t<\/div>\n\t\t\t\t<div class=\"elementor-element elementor-element-0b81a72 elementor-widget elementor-widget-text-editor\" data-id=\"0b81a72\" data-element_type=\"widget\" data-widget_type=\"text-editor.default\">\n\t\t\t\t<div class=\"elementor-widget-container\">\n\t\t\t<style>\/*! elementor - v3.23.0 - 15-07-2024 *\/\n.elementor-widget-text-editor.elementor-drop-cap-view-stacked .elementor-drop-cap{background-color:#69727d;color:#fff}.elementor-widget-text-editor.elementor-drop-cap-view-framed .elementor-drop-cap{color:#69727d;border:3px solid;background-color:transparent}.elementor-widget-text-editor:not(.elementor-drop-cap-view-default) .elementor-drop-cap{margin-top:8px}.elementor-widget-text-editor:not(.elementor-drop-cap-view-default) .elementor-drop-cap-letter{width:1em;height:1em}.elementor-widget-text-editor .elementor-drop-cap{float:left;text-align:center;line-height:1;font-size:50px}.elementor-widget-text-editor .elementor-drop-cap-letter{display:inline-block}<\/style>\t\t\t\t<p><strong><em>* Contamos con m\u00e1s de 600 dise\u00f1os diferentes para distintos tipos de perfiles. Consulta a tu asesor t\u00e9cnico.<\/em><\/strong><\/p>\t\t\t\t\t\t<\/div>\n\t\t\t\t<\/div>\n\t\t<div class=\"elementor-element elementor-element-12249bdc e-con-full e-flex e-con e-child\" data-id=\"12249bdc\" data-element_type=\"container\">\n\t\t\t\t<div class=\"elementor-element elementor-element-3059543b btn-ftecnica elementor-widget elementor-widget-button\" data-id=\"3059543b\" data-element_type=\"widget\" data-widget_type=\"button.default\">\n\t\t\t\t<div class=\"elementor-widget-container\">\n\t\t\t\t\t<div class=\"elementor-button-wrapper\">\n\t\t\t<a class=\"elementor-button elementor-button-link elementor-size-xs\" href=\"\/wp-content\/uploads\/2024\/06\/empaque-de-TPV-HT-2024.pdf\" target=\"_blank\">\n\t\t\t\t\t\t<span class=\"elementor-button-content-wrapper\">\n\t\t\t\t\t\t<span class=\"elementor-button-icon\">\n\t\t\t\t<svg aria-hidden=\"true\" class=\"e-font-icon-svg e-fas-download\" viewBox=\"0 0 512 512\" xmlns=\"http:\/\/www.w3.org\/2000\/svg\"><path d=\"M216 0h80c13.3 0 24 10.7 24 24v168h87.7c17.8 0 26.7 21.5 14.1 34.1L269.7 378.3c-7.5 7.5-19.8 7.5-27.3 0L90.1 226.1c-12.6-12.6-3.7-34.1 14.1-34.1H192V24c0-13.3 10.7-24 24-24zm296 376v112c0 13.3-10.7 24-24 24H24c-13.3 0-24-10.7-24-24V376c0-13.3 10.7-24 24-24h146.7l49 49c20.1 20.1 52.5 20.1 72.6 0l49-49H488c13.3 0 24 10.7 24 24zm-124 88c0-11-9-20-20-20s-20 9-20 20 9 20 20 20 20-9 20-20zm64 0c0-11-9-20-20-20s-20 9-20 20 9 20 20 20 20-9 20-20z\"><\/path><\/svg>\t\t\t<\/span>\n\t\t\t\t\t\t\t\t\t<span class=\"elementor-button-text\">Hoja t\u00e9cnica<\/span>\n\t\t\t\t\t<\/span>\n\t\t\t\t\t<\/a>\n\t\t<\/div>\n\t\t\t\t<\/div>\n\t\t\t\t<\/div>\n\t\t\t\t<\/div>\n\t\t\t\t<\/div>\n\t\t\t\t\t<\/div>\n\t\t\t\t<\/div>\n\t\t<div class=\"elementor-element elementor-element-b3c5948 secc-vntjasproduct e-flex e-con-boxed e-con e-parent\" data-id=\"b3c5948\" data-element_type=\"container\">\n\t\t\t\t\t<div class=\"e-con-inner\">\n\t\t<div class=\"elementor-element elementor-element-30eccdf e-con-full e-flex e-con e-child\" data-id=\"30eccdf\" data-element_type=\"container\">\n\t\t<div class=\"elementor-element elementor-element-a35a2a4 e-con-full e-flex e-con e-child\" data-id=\"a35a2a4\" data-element_type=\"container\">\n\t\t\t\t<div class=\"elementor-element elementor-element-f10548c elementor-widget elementor-widget-heading\" data-id=\"f10548c\" data-element_type=\"widget\" data-widget_type=\"heading.default\">\n\t\t\t\t<div class=\"elementor-widget-container\">\n\t\t\t<h2 class=\"elementor-heading-title elementor-size-default\">Ventajas<\/h2>\t\t<\/div>\n\t\t\t\t<\/div>\n\t\t\t\t<\/div>\n\t\t<div class=\"elementor-element elementor-element-ca10133 e-con-full e-flex e-con e-child\" data-id=\"ca10133\" data-element_type=\"container\">\n\t\t\t\t<div class=\"elementor-element elementor-element-843a697 elementor-widget elementor-widget-woocommerce-product-title elementor-page-title elementor-widget-heading\" data-id=\"843a697\" data-element_type=\"widget\" data-widget_type=\"woocommerce-product-title.default\">\n\t\t\t\t<div class=\"elementor-widget-container\">\n\t\t\t<h1 class=\"product_title entry-title elementor-heading-title elementor-size-default\">empaques TPV<\/h1>\t\t<\/div>\n\t\t\t\t<\/div>\n\t\t\t\t<\/div>\n\t\t\t\t<\/div>\n\t\t<div class=\"elementor-element elementor-element-f21b397 e-con-full e-flex e-con e-child\" data-id=\"f21b397\" data-element_type=\"container\">\n\t\t<div class=\"elementor-element elementor-element-add80db e-con-full e-flex e-con e-child\" data-id=\"add80db\" data-element_type=\"container\">\n\t\t\t\t<div class=\"elementor-element elementor-element-e4c6d97 elementor-widget elementor-widget-image\" data-id=\"e4c6d97\" data-element_type=\"widget\" data-widget_type=\"image.default\">\n\t\t\t\t<div class=\"elementor-widget-container\">\n\t\t\t\t\t\t\t\t\t\t\t\t\t<img loading=\"lazy\" decoding=\"async\" width=\"100\" height=\"100\" src=\"https:\/\/www.pennsylvania.com.mx\/wp-content\/uploads\/2024\/01\/facil-instalacion.svg\" class=\"attachment-full size-full wp-image-20827\" alt=\"\" \/>\t\t\t\t\t\t\t\t\t\t\t\t\t<\/div>\n\t\t\t\t<\/div>\n\t\t\t\t<div class=\"elementor-element elementor-element-64f0125 elementor-widget elementor-widget-heading\" data-id=\"64f0125\" data-element_type=\"widget\" data-widget_type=\"heading.default\">\n\t\t\t\t<div class=\"elementor-widget-container\">\n\t\t\t<h5 class=\"elementor-heading-title elementor-size-default\">F\u00e1cil instalaci\u00f3n<\/h5>\t\t<\/div>\n\t\t\t\t<\/div>\n\t\t\t\t<\/div>\n\t\t<div class=\"elementor-element elementor-element-e82062d e-con-full e-flex e-con e-child\" data-id=\"e82062d\" data-element_type=\"container\">\n\t\t\t\t<div class=\"elementor-element elementor-element-18b8872 elementor-widget elementor-widget-image\" data-id=\"18b8872\" data-element_type=\"widget\" data-widget_type=\"image.default\">\n\t\t\t\t<div class=\"elementor-widget-container\">\n\t\t\t\t\t\t\t\t\t\t\t\t\t<img loading=\"lazy\" decoding=\"async\" width=\"100\" height=\"100\" src=\"https:\/\/www.pennsylvania.com.mx\/wp-content\/uploads\/2024\/01\/resiste-cambio-temperatura-1.svg\" class=\"attachment-full size-full wp-image-21230\" alt=\"\" \/>\t\t\t\t\t\t\t\t\t\t\t\t\t<\/div>\n\t\t\t\t<\/div>\n\t\t\t\t<div class=\"elementor-element elementor-element-27caddd elementor-widget elementor-widget-heading\" data-id=\"27caddd\" data-element_type=\"widget\" data-widget_type=\"heading.default\">\n\t\t\t\t<div class=\"elementor-widget-container\">\n\t\t\t<h5 class=\"elementor-heading-title elementor-size-default\">Resiste cambios de temperatura<\/h5>\t\t<\/div>\n\t\t\t\t<\/div>\n\t\t\t\t<\/div>\n\t\t<div class=\"elementor-element elementor-element-f1d3286 e-con-full e-flex e-con e-child\" data-id=\"f1d3286\" data-element_type=\"container\">\n\t\t\t\t<div class=\"elementor-element elementor-element-173c0b8 elementor-widget elementor-widget-image\" data-id=\"173c0b8\" data-element_type=\"widget\" data-widget_type=\"image.default\">\n\t\t\t\t<div class=\"elementor-widget-container\">\n\t\t\t\t\t\t\t\t\t\t\t\t\t<img loading=\"lazy\" decoding=\"async\" width=\"100\" height=\"100\" src=\"https:\/\/www.pennsylvania.com.mx\/wp-content\/uploads\/2024\/01\/Materia-prima-virgen.jpg\" class=\"attachment-full size-full wp-image-14292\" alt=\"\" \/>\t\t\t\t\t\t\t\t\t\t\t\t\t<\/div>\n\t\t\t\t<\/div>\n\t\t\t\t<div class=\"elementor-element elementor-element-5a85857 elementor-widget elementor-widget-heading\" data-id=\"5a85857\" data-element_type=\"widget\" data-widget_type=\"heading.default\">\n\t\t\t\t<div class=\"elementor-widget-container\">\n\t\t\t<h5 class=\"elementor-heading-title elementor-size-default\">Materia prima virgen<\/h5>\t\t<\/div>\n\t\t\t\t<\/div>\n\t\t\t\t<\/div>\n\t\t<div class=\"elementor-element elementor-element-68ca544 e-con-full e-flex e-con e-child\" data-id=\"68ca544\" data-element_type=\"container\">\n\t\t\t\t<div class=\"elementor-element elementor-element-43b4a8e elementor-widget elementor-widget-image\" data-id=\"43b4a8e\" data-element_type=\"widget\" data-widget_type=\"image.default\">\n\t\t\t\t<div class=\"elementor-widget-container\">\n\t\t\t\t\t\t\t\t\t\t\t\t\t<img loading=\"lazy\" decoding=\"async\" width=\"100\" height=\"100\" src=\"https:\/\/www.pennsylvania.com.mx\/wp-content\/uploads\/2024\/01\/no_encoge.svg\" class=\"attachment-full size-full wp-image-12921\" alt=\"\" \/>\t\t\t\t\t\t\t\t\t\t\t\t\t<\/div>\n\t\t\t\t<\/div>\n\t\t\t\t<div class=\"elementor-element elementor-element-bc18e12 elementor-widget elementor-widget-heading\" data-id=\"bc18e12\" data-element_type=\"widget\" data-widget_type=\"heading.default\">\n\t\t\t\t<div class=\"elementor-widget-container\">\n\t\t\t<h5 class=\"elementor-heading-title elementor-size-default\">No se encoge<\/h5>\t\t<\/div>\n\t\t\t\t<\/div>\n\t\t\t\t<\/div>\n\t\t\t\t<\/div>\n\t\t\t\t\t<\/div>\n\t\t\t\t<\/div>\n\t\t\t\t<\/div>\n\t\t","protected":false},"excerpt":{"rendered":"<p>Fabricado con un compuesto de EPDM y polipropileno, por lo cual tienen una gran resistencia a las altas y bajas temperaturas, as\u00ed como a la baja deformaci\u00f3n residual por compresi\u00f3n, lo cual lo hace un producto ideal para su uso en \u201cFachadas integrales con empaques\u201d y \u201cFachadas Unitizadas\u201d, as\u00ed como en perfiles de l\u00edneas Arquitect\u00f3nicas y sistemas de domos de policarbonato que requieran empaques, ya que no transmiten plastificantes; nuestros empaques tambi\u00e9n son compatibles con los vidrios de especialidad.<\/p>\n","protected":false},"featured_media":26649,"comment_status":"open","ping_status":"closed","template":"","meta":[],"product_cat":[123,138,133],"product_tag":[],"class_list":{"0":"post-30636","1":"product","2":"type-product","3":"status-publish","4":"has-post-thumbnail","6":"product_cat-aluminum-and-glass-en","7":"product_cat-familia-gaskets-en","8":"product_cat-industry","10":"first","11":"instock","12":"shipping-taxable","13":"product-type-simple"},"_links":{"self":[{"href":"https:\/\/www.pennsylvania.com.mx\/en\/wp-json\/wp\/v2\/product\/30636","targetHints":{"allow":["GET"]}}],"collection":[{"href":"https:\/\/www.pennsylvania.com.mx\/en\/wp-json\/wp\/v2\/product"}],"about":[{"href":"https:\/\/www.pennsylvania.com.mx\/en\/wp-json\/wp\/v2\/types\/product"}],"replies":[{"embeddable":true,"href":"https:\/\/www.pennsylvania.com.mx\/en\/wp-json\/wp\/v2\/comments?post=30636"}],"version-history":[{"count":0,"href":"https:\/\/www.pennsylvania.com.mx\/en\/wp-json\/wp\/v2\/product\/30636\/revisions"}],"wp:featuredmedia":[{"embeddable":true,"href":"https:\/\/www.pennsylvania.com.mx\/en\/wp-json\/wp\/v2\/media\/26649"}],"wp:attachment":[{"href":"https:\/\/www.pennsylvania.com.mx\/en\/wp-json\/wp\/v2\/media?parent=30636"}],"wp:term":[{"taxonomy":"product_cat","embeddable":true,"href":"https:\/\/www.pennsylvania.com.mx\/en\/wp-json\/wp\/v2\/product_cat?post=30636"},{"taxonomy":"product_tag","embeddable":true,"href":"https:\/\/www.pennsylvania.com.mx\/en\/wp-json\/wp\/v2\/product_tag?post=30636"}],"curies":[{"name":"wp","href":"https:\/\/api.w.org\/{rel}","templated":true}]}}