{"id":30639,"date":"2024-01-18T17:32:02","date_gmt":"2024-01-18T17:32:02","guid":{"rendered":"https:\/\/www.pennsylvania.com.mx\/productos\/cinta-abt-800\/"},"modified":"2024-01-18T17:32:02","modified_gmt":"2024-01-18T17:32:02","slug":"cinta-abt-800","status":"publish","type":"product","link":"https:\/\/www.pennsylvania.com.mx\/en\/productos\/cinta-abt-800\/","title":{"rendered":"cinta ABT 800"},"content":{"rendered":"\t\t<div data-elementor-type=\"product-post\" data-elementor-id=\"30639\" class=\"elementor elementor-30639\" data-elementor-post-type=\"product\">\n\t\t\t\t<div class=\"elementor-element elementor-element-3739b705 e-flex e-con-boxed e-con e-parent\" data-id=\"3739b705\" data-element_type=\"container\" data-settings=\"{&quot;background_background&quot;:&quot;classic&quot;}\">\n\t\t\t\t\t<div class=\"e-con-inner\">\n\t\t\t\t<div class=\"elementor-element elementor-element-380cd838 elementor-widget elementor-widget-woocommerce-breadcrumb\" data-id=\"380cd838\" data-element_type=\"widget\" data-widget_type=\"woocommerce-breadcrumb.default\">\n\t\t\t\t<div class=\"elementor-widget-container\">\n\t\t\t<link rel=\"stylesheet\" href=\"https:\/\/www.pennsylvania.com.mx\/wp-content\/plugins\/elementor-pro\/assets\/css\/widget-woocommerce.min.css\"><nav class=\"woocommerce-breadcrumb\" aria-label=\"Breadcrumb\">Home<\/nav>\t\t<\/div>\n\t\t\t\t<\/div>\n\t\t\t\t\t<\/div>\n\t\t\t\t<\/div>\n\t\t<div class=\"elementor-element elementor-element-23292b50 secc-infoprinc-dtllproduc e-flex e-con-boxed e-con e-parent\" data-id=\"23292b50\" data-element_type=\"container\" data-settings=\"{&quot;background_background&quot;:&quot;gradient&quot;}\">\n\t\t\t\t\t<div class=\"e-con-inner\">\n\t\t<div class=\"elementor-element elementor-element-505bef46 e-con-full e-flex e-con e-child\" data-id=\"505bef46\" data-element_type=\"container\">\n\t\t\t\t<div class=\"elementor-element elementor-element-2aeb9af9 yes elementor-widget elementor-widget-woocommerce-product-images\" data-id=\"2aeb9af9\" data-element_type=\"widget\" data-widget_type=\"woocommerce-product-images.default\">\n\t\t\t\t<div class=\"elementor-widget-container\">\n\t\t\t<div class=\"woocommerce-product-gallery woocommerce-product-gallery--with-images woocommerce-product-gallery--columns-4 images qodef-position--left\" data-columns=\"4\" style=\"opacity: 0; transition: opacity .25s ease-in-out;\">\n\t<div class=\"woocommerce-product-gallery__wrapper\">\n\t\t<div data-thumb=\"https:\/\/www.pennsylvania.com.mx\/wp-content\/uploads\/2024\/01\/cintaABT-800_1-600x600.jpg\" data-thumb-alt=\"\" class=\"woocommerce-product-gallery__image\"><a href=\"https:\/\/www.pennsylvania.com.mx\/wp-content\/uploads\/2024\/01\/cintaABT-800_1.jpg\"><img fetchpriority=\"high\" decoding=\"async\" width=\"600\" height=\"600\" src=\"https:\/\/www.pennsylvania.com.mx\/wp-content\/uploads\/2024\/01\/cintaABT-800_1-600x600.jpg\" class=\"wp-post-image\" alt=\"\" title=\"\" data-caption=\"\" data-src=\"https:\/\/www.pennsylvania.com.mx\/wp-content\/uploads\/2024\/01\/cintaABT-800_1.jpg\" data-large_image=\"https:\/\/www.pennsylvania.com.mx\/wp-content\/uploads\/2024\/01\/cintaABT-800_1.jpg\" data-large_image_width=\"800\" data-large_image_height=\"800\" srcset=\"https:\/\/www.pennsylvania.com.mx\/wp-content\/uploads\/2024\/01\/cintaABT-800_1-600x600.jpg 600w, https:\/\/www.pennsylvania.com.mx\/wp-content\/uploads\/2024\/01\/cintaABT-800_1-300x300.jpg 300w, https:\/\/www.pennsylvania.com.mx\/wp-content\/uploads\/2024\/01\/cintaABT-800_1-150x150.jpg 150w, https:\/\/www.pennsylvania.com.mx\/wp-content\/uploads\/2024\/01\/cintaABT-800_1-768x768.jpg 768w, https:\/\/www.pennsylvania.com.mx\/wp-content\/uploads\/2024\/01\/cintaABT-800_1-650x650.jpg 650w, https:\/\/www.pennsylvania.com.mx\/wp-content\/uploads\/2024\/01\/cintaABT-800_1-100x100.jpg 100w, https:\/\/www.pennsylvania.com.mx\/wp-content\/uploads\/2024\/01\/cintaABT-800_1.jpg 800w\" sizes=\"(max-width: 600px) 100vw, 600px\" \/><\/a><\/div><div class=\"qodef-woo-thumbnails-wrapper\"><\/div>\t<\/div>\n<\/div>\n\t\t<\/div>\n\t\t\t\t<\/div>\n\t\t\t\t<\/div>\n\t\t<div class=\"elementor-element elementor-element-73fd53c0 e-con-full e-flex e-con e-child\" data-id=\"73fd53c0\" data-element_type=\"container\">\n\t\t\t\t<div class=\"elementor-element elementor-element-6fea257b elementor-widget elementor-widget-woocommerce-product-title elementor-page-title elementor-widget-heading\" data-id=\"6fea257b\" data-element_type=\"widget\" data-widget_type=\"woocommerce-product-title.default\">\n\t\t\t\t<div class=\"elementor-widget-container\">\n\t\t\t<style>\/*! elementor - v3.23.0 - 15-07-2024 *\/\n.elementor-heading-title{padding:0;margin:0;line-height:1}.elementor-widget-heading .elementor-heading-title[class*=elementor-size-]>a{color:inherit;font-size:inherit;line-height:inherit}.elementor-widget-heading .elementor-heading-title.elementor-size-small{font-size:15px}.elementor-widget-heading .elementor-heading-title.elementor-size-medium{font-size:19px}.elementor-widget-heading .elementor-heading-title.elementor-size-large{font-size:29px}.elementor-widget-heading .elementor-heading-title.elementor-size-xl{font-size:39px}.elementor-widget-heading .elementor-heading-title.elementor-size-xxl{font-size:59px}<\/style><h1 class=\"product_title entry-title elementor-heading-title elementor-size-default\">cinta ABT 800<\/h1>\t\t<\/div>\n\t\t\t\t<\/div>\n\t\t\t\t<div class=\"elementor-element elementor-element-1c016b1 tipofquimica elementor-widget elementor-widget-heading\" data-id=\"1c016b1\" data-element_type=\"widget\" data-widget_type=\"heading.default\">\n\t\t\t\t<div class=\"elementor-widget-container\">\n\t\t\t<h3 class=\"elementor-heading-title elementor-size-default\">Familia: <a href=\"\/producto-categoria\/familia-cintas-adhesivas\/\">Cintas Adhesivas<\/a><\/h3>\t\t<\/div>\n\t\t\t\t<\/div>\n\t\t\t\t<div class=\"elementor-element elementor-element-775ff422 elementor-widget elementor-widget-woocommerce-product-short-description\" data-id=\"775ff422\" data-element_type=\"widget\" data-widget_type=\"woocommerce-product-short-description.default\">\n\t\t\t\t<div class=\"elementor-widget-container\">\n\t\t\t<div class=\"woocommerce-product-details__short-description\">\n\t<p>Cinta de celda cerrada con adhesivo acr\u00edlico de alto desempe\u00f1o en ambos lados; combina un\u00a0<em>dispersador<\/em>\u00a0de energ\u00eda altamente\u00a0<em>conformabl<\/em>e. Sirve como apoyo para ensambles y barras divisorias. Adhiere todo tipo de molduras y autopartes sobre pl\u00e1sticos o l\u00e1minas. Pega techos en la fabricaci\u00f3n de cajas secas.<\/p>\n<\/div>\n\t\t<\/div>\n\t\t\t\t<\/div>\n\t\t\t\t<div class=\"elementor-element elementor-element-e726581 elementor-widget elementor-widget-heading\" data-id=\"e726581\" data-element_type=\"widget\" data-widget_type=\"heading.default\">\n\t\t\t\t<div class=\"elementor-widget-container\">\n\t\t\t<h5 class=\"elementor-heading-title elementor-size-default\">Desarrollado para el mercado de:<\/h5>\t\t<\/div>\n\t\t\t\t<\/div>\n\t\t<div class=\"elementor-element elementor-element-a85cfa6 e-con-full e-flex e-con e-child\" data-id=\"a85cfa6\" data-element_type=\"container\">\n\t\t\t\t<div class=\"elementor-element elementor-element-533b0ae elementor-widget elementor-widget-image\" data-id=\"533b0ae\" data-element_type=\"widget\" data-widget_type=\"image.default\">\n\t\t\t\t<div class=\"elementor-widget-container\">\n\t\t\t<style>\/*! elementor - v3.23.0 - 15-07-2024 *\/\n.elementor-widget-image{text-align:center}.elementor-widget-image a{display:inline-block}.elementor-widget-image a img[src$=\".svg\"]{width:48px}.elementor-widget-image img{vertical-align:middle;display:inline-block}<\/style>\t\t\t\t\t\t\t\t\t\t<img decoding=\"async\" width=\"60\" height=\"60\" src=\"https:\/\/www.pennsylvania.com.mx\/wp-content\/uploads\/2024\/01\/ic-merc-pro-consumo_ferretero.svg\" class=\"attachment-full size-full wp-image-13367\" alt=\"\" \/>\t\t\t\t\t\t\t\t\t\t\t\t\t<\/div>\n\t\t\t\t<\/div>\n\t\t\t\t<div class=\"elementor-element elementor-element-e39a463 elementor-list-item-link-inline cl3 elementor-icon-list--layout-traditional elementor-widget elementor-widget-icon-list\" data-id=\"e39a463\" data-element_type=\"widget\" data-widget_type=\"icon-list.default\">\n\t\t\t\t<div class=\"elementor-widget-container\">\n\t\t\t<link rel=\"stylesheet\" href=\"https:\/\/www.pennsylvania.com.mx\/wp-content\/plugins\/elementor\/assets\/css\/widget-icon-list.min.css\">\t\t<ul class=\"elementor-icon-list-items\">\n\t\t\t\t\t\t\t<li class=\"elementor-icon-list-item\">\n\t\t\t\t\t\t\t\t\t\t<span class=\"elementor-icon-list-text\">Consumo \/ Ferretero<\/span>\n\t\t\t\t\t\t\t\t\t<\/li>\n\t\t\t\t\t\t<\/ul>\n\t\t\t\t<\/div>\n\t\t\t\t<\/div>\n\t\t\t\t<div class=\"elementor-element elementor-element-f664b34 elementor-widget elementor-widget-image\" data-id=\"f664b34\" data-element_type=\"widget\" data-widget_type=\"image.default\">\n\t\t\t\t<div class=\"elementor-widget-container\">\n\t\t\t\t\t\t\t\t\t\t\t\t\t<img decoding=\"async\" width=\"60\" height=\"60\" src=\"https:\/\/www.pennsylvania.com.mx\/wp-content\/uploads\/2024\/01\/ic-merc-pro-industria.svg\" class=\"attachment-full size-full wp-image-13368\" alt=\"\" \/>\t\t\t\t\t\t\t\t\t\t\t\t\t<\/div>\n\t\t\t\t<\/div>\n\t\t\t\t<div class=\"elementor-element elementor-element-02766a2 elementor-list-item-link-inline cl3 elementor-icon-list--layout-traditional elementor-widget elementor-widget-icon-list\" data-id=\"02766a2\" data-element_type=\"widget\" data-widget_type=\"icon-list.default\">\n\t\t\t\t<div class=\"elementor-widget-container\">\n\t\t\t\t\t<ul class=\"elementor-icon-list-items\">\n\t\t\t\t\t\t\t<li class=\"elementor-icon-list-item\">\n\t\t\t\t\t\t\t\t\t\t<span class=\"elementor-icon-list-text\">Industria<\/span>\n\t\t\t\t\t\t\t\t\t<\/li>\n\t\t\t\t\t\t<\/ul>\n\t\t\t\t<\/div>\n\t\t\t\t<\/div>\n\t\t\t\t<\/div>\n\t\t<div class=\"elementor-element elementor-element-9a3db66 e-con-full e-flex e-con e-child\" data-id=\"9a3db66\" data-element_type=\"container\">\n\t\t\t\t<\/div>\n\t\t\t\t<div class=\"elementor-element elementor-element-33016b04 elementor-widget elementor-widget-heading\" data-id=\"33016b04\" data-element_type=\"widget\" data-widget_type=\"heading.default\">\n\t\t\t\t<div class=\"elementor-widget-container\">\n\t\t\t<h5 class=\"elementor-heading-title elementor-size-default\">Presentaciones:<\/h5>\t\t<\/div>\n\t\t\t\t<\/div>\n\t\t<div class=\"elementor-element elementor-element-d194a16 e-con-full e-flex e-con e-child\" data-id=\"d194a16\" data-element_type=\"container\">\n\t\t\t\t<div class=\"elementor-element elementor-element-93bb5b8 ic-presentacion-dtll-p elementor-widget elementor-widget-image\" data-id=\"93bb5b8\" data-element_type=\"widget\" data-widget_type=\"image.default\">\n\t\t\t\t<div class=\"elementor-widget-container\">\n\t\t\t\t\t\t\t\t\t\t\t\t\t<img loading=\"lazy\" decoding=\"async\" width=\"50\" height=\"50\" src=\"https:\/\/www.pennsylvania.com.mx\/wp-content\/uploads\/2024\/01\/cinta.svg\" class=\"attachment-full size-full wp-image-13603\" alt=\"\" \/>\t\t\t\t\t\t\t\t\t\t\t\t\t<\/div>\n\t\t\t\t<\/div>\n\t\t\t\t<div class=\"elementor-element elementor-element-5f25d36 elementor-list-item-link-inline cl3 elementor-icon-list--layout-traditional elementor-widget elementor-widget-icon-list\" data-id=\"5f25d36\" data-element_type=\"widget\" data-widget_type=\"icon-list.default\">\n\t\t\t\t<div class=\"elementor-widget-container\">\n\t\t\t\t\t<ul class=\"elementor-icon-list-items\">\n\t\t\t\t\t\t\t<li class=\"elementor-icon-list-item\">\n\t\t\t\t\t\t\t\t\t\t<span class=\"elementor-icon-list-text\">Rollo de 61 m<\/span>\n\t\t\t\t\t\t\t\t\t<\/li>\n\t\t\t\t\t\t<\/ul>\n\t\t\t\t<\/div>\n\t\t\t\t<\/div>\n\t\t\t\t<\/div>\n\t\t<div class=\"elementor-element elementor-element-4b145ae e-con-full e-flex e-con e-child\" data-id=\"4b145ae\" data-element_type=\"container\">\n\t\t\t\t<\/div>\n\t\t\t\t<div class=\"elementor-element elementor-element-6f657314 elementor-widget elementor-widget-heading\" data-id=\"6f657314\" data-element_type=\"widget\" data-widget_type=\"heading.default\">\n\t\t\t\t<div class=\"elementor-widget-container\">\n\t\t\t<h5 class=\"elementor-heading-title elementor-size-default\">Colores:<\/h5>\t\t<\/div>\n\t\t\t\t<\/div>\n\t\t<div class=\"elementor-element elementor-element-dbed3df e-con-full e-flex e-con e-child\" data-id=\"dbed3df\" data-element_type=\"container\">\n\t\t\t\t<div class=\"elementor-element elementor-element-59a28a0f elementor-list-item-link-inline elementor-icon-list--layout-traditional elementor-widget elementor-widget-icon-list\" data-id=\"59a28a0f\" data-element_type=\"widget\" data-widget_type=\"icon-list.default\">\n\t\t\t\t<div class=\"elementor-widget-container\">\n\t\t\t\t\t<ul class=\"elementor-icon-list-items\">\n\t\t\t\t\t\t\t<li class=\"elementor-icon-list-item\">\n\t\t\t\t\t\t\t\t\t\t\t<span class=\"elementor-icon-list-icon\">\n\t\t\t\t\t\t\t<svg aria-hidden=\"true\" class=\"e-font-icon-svg e-fas-circle\" viewBox=\"0 0 512 512\" xmlns=\"http:\/\/www.w3.org\/2000\/svg\"><path d=\"M256 8C119 8 8 119 8 256s111 248 248 248 248-111 248-248S393 8 256 8z\"><\/path><\/svg>\t\t\t\t\t\t<\/span>\n\t\t\t\t\t\t\t\t\t\t<span class=\"elementor-icon-list-text\">Negro<\/span>\n\t\t\t\t\t\t\t\t\t<\/li>\n\t\t\t\t\t\t<\/ul>\n\t\t\t\t<\/div>\n\t\t\t\t<\/div>\n\t\t\t\t<\/div>\n\t\t<div class=\"elementor-element elementor-element-8270dd1 e-con-full e-flex e-con e-child\" data-id=\"8270dd1\" data-element_type=\"container\">\n\t\t\t\t<div class=\"elementor-element elementor-element-56aea07f btn-ftecnica elementor-widget elementor-widget-button\" data-id=\"56aea07f\" data-element_type=\"widget\" data-widget_type=\"button.default\">\n\t\t\t\t<div class=\"elementor-widget-container\">\n\t\t\t\t\t<div class=\"elementor-button-wrapper\">\n\t\t\t<a class=\"elementor-button elementor-button-link elementor-size-xs\" href=\"\/wp-content\/uploads\/2024\/06\/cinta-ABT-800-HT-2024.pdf\" target=\"_blank\">\n\t\t\t\t\t\t<span class=\"elementor-button-content-wrapper\">\n\t\t\t\t\t\t<span class=\"elementor-button-icon\">\n\t\t\t\t<svg aria-hidden=\"true\" class=\"e-font-icon-svg e-fas-download\" viewBox=\"0 0 512 512\" xmlns=\"http:\/\/www.w3.org\/2000\/svg\"><path d=\"M216 0h80c13.3 0 24 10.7 24 24v168h87.7c17.8 0 26.7 21.5 14.1 34.1L269.7 378.3c-7.5 7.5-19.8 7.5-27.3 0L90.1 226.1c-12.6-12.6-3.7-34.1 14.1-34.1H192V24c0-13.3 10.7-24 24-24zm296 376v112c0 13.3-10.7 24-24 24H24c-13.3 0-24-10.7-24-24V376c0-13.3 10.7-24 24-24h146.7l49 49c20.1 20.1 52.5 20.1 72.6 0l49-49H488c13.3 0 24 10.7 24 24zm-124 88c0-11-9-20-20-20s-20 9-20 20 9 20 20 20 20-9 20-20zm64 0c0-11-9-20-20-20s-20 9-20 20 9 20 20 20 20-9 20-20z\"><\/path><\/svg>\t\t\t<\/span>\n\t\t\t\t\t\t\t\t\t<span class=\"elementor-button-text\">Hoja t\u00e9cnica<\/span>\n\t\t\t\t\t<\/span>\n\t\t\t\t\t<\/a>\n\t\t<\/div>\n\t\t\t\t<\/div>\n\t\t\t\t<\/div>\n\t\t\t\t<\/div>\n\t\t\t\t<\/div>\n\t\t\t\t\t<\/div>\n\t\t\t\t<\/div>\n\t\t<div class=\"elementor-element elementor-element-4ea142c4 secc-vntjasproduct e-flex e-con-boxed e-con e-parent\" data-id=\"4ea142c4\" data-element_type=\"container\">\n\t\t\t\t\t<div class=\"e-con-inner\">\n\t\t<div class=\"elementor-element elementor-element-683fd78e e-con-full e-flex e-con e-child\" data-id=\"683fd78e\" data-element_type=\"container\">\n\t\t<div class=\"elementor-element elementor-element-207a57e9 e-con-full e-flex e-con e-child\" data-id=\"207a57e9\" data-element_type=\"container\">\n\t\t\t\t<div class=\"elementor-element elementor-element-3857493d elementor-widget elementor-widget-heading\" data-id=\"3857493d\" data-element_type=\"widget\" data-widget_type=\"heading.default\">\n\t\t\t\t<div class=\"elementor-widget-container\">\n\t\t\t<h2 class=\"elementor-heading-title elementor-size-default\">Ventajas<\/h2>\t\t<\/div>\n\t\t\t\t<\/div>\n\t\t\t\t<\/div>\n\t\t<div class=\"elementor-element elementor-element-73712a28 e-con-full e-flex e-con e-child\" data-id=\"73712a28\" data-element_type=\"container\">\n\t\t\t\t<div class=\"elementor-element elementor-element-698bb23b elementor-widget elementor-widget-woocommerce-product-title elementor-page-title elementor-widget-heading\" data-id=\"698bb23b\" data-element_type=\"widget\" data-widget_type=\"woocommerce-product-title.default\">\n\t\t\t\t<div class=\"elementor-widget-container\">\n\t\t\t<h1 class=\"product_title entry-title elementor-heading-title elementor-size-default\">cinta ABT 800<\/h1>\t\t<\/div>\n\t\t\t\t<\/div>\n\t\t\t\t<\/div>\n\t\t\t\t<\/div>\n\t\t<div class=\"elementor-element elementor-element-1b8b0d3d e-con-full e-flex e-con e-child\" data-id=\"1b8b0d3d\" data-element_type=\"container\">\n\t\t<div class=\"elementor-element elementor-element-2567c91d e-con-full e-flex e-con e-child\" data-id=\"2567c91d\" data-element_type=\"container\">\n\t\t\t\t<div class=\"elementor-element elementor-element-5906a87 elementor-widget elementor-widget-image\" data-id=\"5906a87\" data-element_type=\"widget\" data-widget_type=\"image.default\">\n\t\t\t\t<div class=\"elementor-widget-container\">\n\t\t\t\t\t\t\t\t\t\t\t\t\t<img loading=\"lazy\" decoding=\"async\" width=\"100\" height=\"100\" src=\"https:\/\/www.pennsylvania.com.mx\/wp-content\/uploads\/2024\/01\/Impide-la-corrosioI\u0081n.jpg\" class=\"attachment-full size-full wp-image-14105\" alt=\"\" \/>\t\t\t\t\t\t\t\t\t\t\t\t\t<\/div>\n\t\t\t\t<\/div>\n\t\t\t\t<div class=\"elementor-element elementor-element-1cad699b elementor-widget elementor-widget-heading\" data-id=\"1cad699b\" data-element_type=\"widget\" data-widget_type=\"heading.default\">\n\t\t\t\t<div class=\"elementor-widget-container\">\n\t\t\t<h5 class=\"elementor-heading-title elementor-size-default\">Impide la corrosi\u00f3n<\/h5>\t\t<\/div>\n\t\t\t\t<\/div>\n\t\t\t\t<\/div>\n\t\t<div class=\"elementor-element elementor-element-6468684f e-con-full e-flex e-con e-child\" data-id=\"6468684f\" data-element_type=\"container\">\n\t\t\t\t<div class=\"elementor-element elementor-element-3d57eaac elementor-widget elementor-widget-image\" data-id=\"3d57eaac\" data-element_type=\"widget\" data-widget_type=\"image.default\">\n\t\t\t\t<div class=\"elementor-widget-container\">\n\t\t\t\t\t\t\t\t\t\t\t\t\t<img loading=\"lazy\" decoding=\"async\" width=\"100\" height=\"100\" src=\"https:\/\/www.pennsylvania.com.mx\/wp-content\/uploads\/2024\/01\/Excelente-agarre-inicial.jpg\" class=\"attachment-full size-full wp-image-14223\" alt=\"\" \/>\t\t\t\t\t\t\t\t\t\t\t\t\t<\/div>\n\t\t\t\t<\/div>\n\t\t\t\t<div class=\"elementor-element elementor-element-4ea0e901 elementor-widget elementor-widget-heading\" data-id=\"4ea0e901\" data-element_type=\"widget\" data-widget_type=\"heading.default\">\n\t\t\t\t<div class=\"elementor-widget-container\">\n\t\t\t<h5 class=\"elementor-heading-title elementor-size-default\">Excelente agarre inicial<\/h5>\t\t<\/div>\n\t\t\t\t<\/div>\n\t\t\t\t<\/div>\n\t\t<div class=\"elementor-element elementor-element-69ac3a5e e-con-full e-flex e-con e-child\" data-id=\"69ac3a5e\" data-element_type=\"container\">\n\t\t\t\t<div class=\"elementor-element elementor-element-54dc9da8 elementor-widget elementor-widget-image\" data-id=\"54dc9da8\" data-element_type=\"widget\" data-widget_type=\"image.default\">\n\t\t\t\t<div class=\"elementor-widget-container\">\n\t\t\t\t\t\t\t\t\t\t\t\t\t<img loading=\"lazy\" decoding=\"async\" width=\"100\" height=\"100\" src=\"https:\/\/www.pennsylvania.com.mx\/wp-content\/uploads\/2024\/01\/resistencia-ambiental.svg\" class=\"attachment-full size-full wp-image-20596\" alt=\"\" \/>\t\t\t\t\t\t\t\t\t\t\t\t\t<\/div>\n\t\t\t\t<\/div>\n\t\t\t\t<div class=\"elementor-element elementor-element-5b1e8508 elementor-widget elementor-widget-heading\" data-id=\"5b1e8508\" data-element_type=\"widget\" data-widget_type=\"heading.default\">\n\t\t\t\t<div class=\"elementor-widget-container\">\n\t\t\t<h5 class=\"elementor-heading-title elementor-size-default\">Excelente resistencia al medio ambiente<\/h5>\t\t<\/div>\n\t\t\t\t<\/div>\n\t\t\t\t<\/div>\n\t\t<div class=\"elementor-element elementor-element-6c280655 e-con-full e-flex e-con e-child\" data-id=\"6c280655\" data-element_type=\"container\">\n\t\t\t\t<div class=\"elementor-element elementor-element-7b990472 elementor-widget elementor-widget-image\" data-id=\"7b990472\" data-element_type=\"widget\" data-widget_type=\"image.default\">\n\t\t\t\t<div class=\"elementor-widget-container\">\n\t\t\t\t\t\t\t\t\t\t\t\t\t<img loading=\"lazy\" decoding=\"async\" width=\"100\" height=\"100\" src=\"https:\/\/www.pennsylvania.com.mx\/wp-content\/uploads\/2024\/01\/mejora-tiempo.svg\" class=\"attachment-full size-full wp-image-20807\" alt=\"\" \/>\t\t\t\t\t\t\t\t\t\t\t\t\t<\/div>\n\t\t\t\t<\/div>\n\t\t\t\t<div class=\"elementor-element elementor-element-6ea1a09b elementor-widget elementor-widget-heading\" data-id=\"6ea1a09b\" data-element_type=\"widget\" data-widget_type=\"heading.default\">\n\t\t\t\t<div class=\"elementor-widget-container\">\n\t\t\t<h5 class=\"elementor-heading-title elementor-size-default\">Mejora tiempos de producci\u00f3n<\/h5>\t\t<\/div>\n\t\t\t\t<\/div>\n\t\t\t\t<\/div>\n\t\t\t\t<\/div>\n\t\t\t\t\t<\/div>\n\t\t\t\t<\/div>\n\t\t\t\t<\/div>\n\t\t","protected":false},"excerpt":{"rendered":"<p>Cinta de celda cerrada con adhesivo acr\u00edlico de alto desempe\u00f1o en ambos lados; combina un\u00a0<em>dispersador<\/em>\u00a0de energ\u00eda altamente\u00a0<em>conformabl<\/em>e. Sirve como apoyo para ensambles y barras divisorias. Adhiere todo tipo de molduras y autopartes sobre pl\u00e1sticos o l\u00e1minas. Pega techos en la fabricaci\u00f3n de cajas secas.<\/p>\n","protected":false},"featured_media":26630,"comment_status":"open","ping_status":"closed","template":"","meta":[],"product_cat":[149,124,133],"product_tag":[],"class_list":{"0":"post-30639","1":"product","2":"type-product","3":"status-publish","4":"has-post-thumbnail","6":"product_cat-familia-cintas-adhesivas-en","7":"product_cat-hardware-stores-en","8":"product_cat-industry","10":"first","11":"instock","12":"shipping-taxable","13":"product-type-simple"},"_links":{"self":[{"href":"https:\/\/www.pennsylvania.com.mx\/en\/wp-json\/wp\/v2\/product\/30639","targetHints":{"allow":["GET"]}}],"collection":[{"href":"https:\/\/www.pennsylvania.com.mx\/en\/wp-json\/wp\/v2\/product"}],"about":[{"href":"https:\/\/www.pennsylvania.com.mx\/en\/wp-json\/wp\/v2\/types\/product"}],"replies":[{"embeddable":true,"href":"https:\/\/www.pennsylvania.com.mx\/en\/wp-json\/wp\/v2\/comments?post=30639"}],"version-history":[{"count":0,"href":"https:\/\/www.pennsylvania.com.mx\/en\/wp-json\/wp\/v2\/product\/30639\/revisions"}],"wp:featuredmedia":[{"embeddable":true,"href":"https:\/\/www.pennsylvania.com.mx\/en\/wp-json\/wp\/v2\/media\/26630"}],"wp:attachment":[{"href":"https:\/\/www.pennsylvania.com.mx\/en\/wp-json\/wp\/v2\/media?parent=30639"}],"wp:term":[{"taxonomy":"product_cat","embeddable":true,"href":"https:\/\/www.pennsylvania.com.mx\/en\/wp-json\/wp\/v2\/product_cat?post=30639"},{"taxonomy":"product_tag","embeddable":true,"href":"https:\/\/www.pennsylvania.com.mx\/en\/wp-json\/wp\/v2\/product_tag?post=30639"}],"curies":[{"name":"wp","href":"https:\/\/api.w.org\/{rel}","templated":true}]}}