{"id":30643,"date":"2024-01-18T17:23:56","date_gmt":"2024-01-18T17:23:56","guid":{"rendered":"https:\/\/www.pennsylvania.com.mx\/productos\/cinta-cat-2300\/"},"modified":"2024-01-18T17:23:56","modified_gmt":"2024-01-18T17:23:56","slug":"cinta-cat-2300","status":"publish","type":"product","link":"https:\/\/www.pennsylvania.com.mx\/en\/productos\/cinta-cat-2300\/","title":{"rendered":"cinta CAT-2300"},"content":{"rendered":"\t\t<div data-elementor-type=\"product-post\" data-elementor-id=\"30643\" class=\"elementor elementor-30643\" data-elementor-post-type=\"product\">\n\t\t\t\t<div class=\"elementor-element elementor-element-2d4b8523 e-flex e-con-boxed e-con e-parent\" data-id=\"2d4b8523\" data-element_type=\"container\" data-settings=\"{&quot;background_background&quot;:&quot;classic&quot;}\">\n\t\t\t\t\t<div class=\"e-con-inner\">\n\t\t\t\t<div class=\"elementor-element elementor-element-747875d5 elementor-widget elementor-widget-woocommerce-breadcrumb\" data-id=\"747875d5\" data-element_type=\"widget\" data-widget_type=\"woocommerce-breadcrumb.default\">\n\t\t\t\t<div class=\"elementor-widget-container\">\n\t\t\t<link rel=\"stylesheet\" href=\"https:\/\/www.pennsylvania.com.mx\/wp-content\/plugins\/elementor-pro\/assets\/css\/widget-woocommerce.min.css\"><nav class=\"woocommerce-breadcrumb\" aria-label=\"Breadcrumb\">Home<\/nav>\t\t<\/div>\n\t\t\t\t<\/div>\n\t\t\t\t\t<\/div>\n\t\t\t\t<\/div>\n\t\t<div class=\"elementor-element elementor-element-729a97f1 secc-infoprinc-dtllproduc e-flex e-con-boxed e-con e-parent\" data-id=\"729a97f1\" data-element_type=\"container\" data-settings=\"{&quot;background_background&quot;:&quot;gradient&quot;}\">\n\t\t\t\t\t<div class=\"e-con-inner\">\n\t\t<div class=\"elementor-element elementor-element-7c77f3d7 e-con-full e-flex e-con e-child\" data-id=\"7c77f3d7\" data-element_type=\"container\">\n\t\t\t\t<div class=\"elementor-element elementor-element-50f93290 yes elementor-widget elementor-widget-woocommerce-product-images\" data-id=\"50f93290\" data-element_type=\"widget\" data-widget_type=\"woocommerce-product-images.default\">\n\t\t\t\t<div class=\"elementor-widget-container\">\n\t\t\t<div class=\"woocommerce-product-gallery woocommerce-product-gallery--with-images woocommerce-product-gallery--columns-4 images qodef-position--left\" data-columns=\"4\" style=\"opacity: 0; transition: opacity .25s ease-in-out;\">\n\t<div class=\"woocommerce-product-gallery__wrapper\">\n\t\t<div data-thumb=\"https:\/\/www.pennsylvania.com.mx\/wp-content\/uploads\/2024\/01\/cintaCAT-2300_1-600x600.jpg\" data-thumb-alt=\"\" class=\"woocommerce-product-gallery__image\"><a href=\"https:\/\/www.pennsylvania.com.mx\/wp-content\/uploads\/2024\/01\/cintaCAT-2300_1.jpg\"><img fetchpriority=\"high\" decoding=\"async\" width=\"600\" height=\"600\" src=\"https:\/\/www.pennsylvania.com.mx\/wp-content\/uploads\/2024\/01\/cintaCAT-2300_1-600x600.jpg\" class=\"wp-post-image\" alt=\"\" title=\"\" data-caption=\"\" data-src=\"https:\/\/www.pennsylvania.com.mx\/wp-content\/uploads\/2024\/01\/cintaCAT-2300_1.jpg\" data-large_image=\"https:\/\/www.pennsylvania.com.mx\/wp-content\/uploads\/2024\/01\/cintaCAT-2300_1.jpg\" data-large_image_width=\"800\" data-large_image_height=\"800\" srcset=\"https:\/\/www.pennsylvania.com.mx\/wp-content\/uploads\/2024\/01\/cintaCAT-2300_1-600x600.jpg 600w, https:\/\/www.pennsylvania.com.mx\/wp-content\/uploads\/2024\/01\/cintaCAT-2300_1-300x300.jpg 300w, https:\/\/www.pennsylvania.com.mx\/wp-content\/uploads\/2024\/01\/cintaCAT-2300_1-150x150.jpg 150w, https:\/\/www.pennsylvania.com.mx\/wp-content\/uploads\/2024\/01\/cintaCAT-2300_1-768x768.jpg 768w, https:\/\/www.pennsylvania.com.mx\/wp-content\/uploads\/2024\/01\/cintaCAT-2300_1-650x650.jpg 650w, https:\/\/www.pennsylvania.com.mx\/wp-content\/uploads\/2024\/01\/cintaCAT-2300_1-100x100.jpg 100w, https:\/\/www.pennsylvania.com.mx\/wp-content\/uploads\/2024\/01\/cintaCAT-2300_1.jpg 800w\" sizes=\"(max-width: 600px) 100vw, 600px\" \/><\/a><\/div><div class=\"qodef-woo-thumbnails-wrapper\"><div data-thumb=\"https:\/\/www.pennsylvania.com.mx\/wp-content\/uploads\/2024\/01\/cintaCAT-2300_2-600x600.jpg\" data-thumb-alt=\"\" class=\"woocommerce-product-gallery__image\"><a href=\"https:\/\/www.pennsylvania.com.mx\/wp-content\/uploads\/2024\/01\/cintaCAT-2300_2.jpg\"><img decoding=\"async\" width=\"600\" height=\"600\" src=\"https:\/\/www.pennsylvania.com.mx\/wp-content\/uploads\/2024\/01\/cintaCAT-2300_2-600x600.jpg\" class=\"\" alt=\"\" title=\"cintaCAT 2300_2\" data-caption=\"\" data-src=\"https:\/\/www.pennsylvania.com.mx\/wp-content\/uploads\/2024\/01\/cintaCAT-2300_2.jpg\" data-large_image=\"https:\/\/www.pennsylvania.com.mx\/wp-content\/uploads\/2024\/01\/cintaCAT-2300_2.jpg\" data-large_image_width=\"800\" data-large_image_height=\"800\" srcset=\"https:\/\/www.pennsylvania.com.mx\/wp-content\/uploads\/2024\/01\/cintaCAT-2300_2-600x600.jpg 600w, https:\/\/www.pennsylvania.com.mx\/wp-content\/uploads\/2024\/01\/cintaCAT-2300_2-300x300.jpg 300w, https:\/\/www.pennsylvania.com.mx\/wp-content\/uploads\/2024\/01\/cintaCAT-2300_2-150x150.jpg 150w, https:\/\/www.pennsylvania.com.mx\/wp-content\/uploads\/2024\/01\/cintaCAT-2300_2-768x768.jpg 768w, https:\/\/www.pennsylvania.com.mx\/wp-content\/uploads\/2024\/01\/cintaCAT-2300_2-650x650.jpg 650w, https:\/\/www.pennsylvania.com.mx\/wp-content\/uploads\/2024\/01\/cintaCAT-2300_2-100x100.jpg 100w, https:\/\/www.pennsylvania.com.mx\/wp-content\/uploads\/2024\/01\/cintaCAT-2300_2.jpg 800w\" sizes=\"(max-width: 600px) 100vw, 600px\" \/><\/a><\/div><div data-thumb=\"https:\/\/www.pennsylvania.com.mx\/wp-content\/uploads\/2024\/01\/aplicaciones-CAT-2300-600x600.jpg\" data-thumb-alt=\"\" class=\"woocommerce-product-gallery__image\"><a href=\"https:\/\/www.pennsylvania.com.mx\/wp-content\/uploads\/2024\/01\/aplicaciones-CAT-2300.jpg\"><img decoding=\"async\" width=\"600\" height=\"600\" src=\"https:\/\/www.pennsylvania.com.mx\/wp-content\/uploads\/2024\/01\/aplicaciones-CAT-2300-600x600.jpg\" class=\"\" alt=\"\" title=\"aplicaciones CAT 2300\" data-caption=\"\" data-src=\"https:\/\/www.pennsylvania.com.mx\/wp-content\/uploads\/2024\/01\/aplicaciones-CAT-2300.jpg\" data-large_image=\"https:\/\/www.pennsylvania.com.mx\/wp-content\/uploads\/2024\/01\/aplicaciones-CAT-2300.jpg\" data-large_image_width=\"800\" data-large_image_height=\"800\" srcset=\"https:\/\/www.pennsylvania.com.mx\/wp-content\/uploads\/2024\/01\/aplicaciones-CAT-2300-600x600.jpg 600w, https:\/\/www.pennsylvania.com.mx\/wp-content\/uploads\/2024\/01\/aplicaciones-CAT-2300-300x300.jpg 300w, https:\/\/www.pennsylvania.com.mx\/wp-content\/uploads\/2024\/01\/aplicaciones-CAT-2300-150x150.jpg 150w, https:\/\/www.pennsylvania.com.mx\/wp-content\/uploads\/2024\/01\/aplicaciones-CAT-2300-768x768.jpg 768w, https:\/\/www.pennsylvania.com.mx\/wp-content\/uploads\/2024\/01\/aplicaciones-CAT-2300-650x650.jpg 650w, https:\/\/www.pennsylvania.com.mx\/wp-content\/uploads\/2024\/01\/aplicaciones-CAT-2300-100x100.jpg 100w, https:\/\/www.pennsylvania.com.mx\/wp-content\/uploads\/2024\/01\/aplicaciones-CAT-2300.jpg 800w\" sizes=\"(max-width: 600px) 100vw, 600px\" \/><\/a><\/div><\/div>\t<\/div>\n<\/div>\n\t\t<\/div>\n\t\t\t\t<\/div>\n\t\t\t\t<\/div>\n\t\t<div class=\"elementor-element elementor-element-28da6ea9 e-con-full e-flex e-con e-child\" data-id=\"28da6ea9\" data-element_type=\"container\">\n\t\t\t\t<div class=\"elementor-element elementor-element-7877af4a elementor-widget elementor-widget-woocommerce-product-title elementor-page-title elementor-widget-heading\" data-id=\"7877af4a\" data-element_type=\"widget\" data-widget_type=\"woocommerce-product-title.default\">\n\t\t\t\t<div class=\"elementor-widget-container\">\n\t\t\t<style>\/*! elementor - v3.23.0 - 15-07-2024 *\/\n.elementor-heading-title{padding:0;margin:0;line-height:1}.elementor-widget-heading .elementor-heading-title[class*=elementor-size-]>a{color:inherit;font-size:inherit;line-height:inherit}.elementor-widget-heading .elementor-heading-title.elementor-size-small{font-size:15px}.elementor-widget-heading .elementor-heading-title.elementor-size-medium{font-size:19px}.elementor-widget-heading .elementor-heading-title.elementor-size-large{font-size:29px}.elementor-widget-heading .elementor-heading-title.elementor-size-xl{font-size:39px}.elementor-widget-heading .elementor-heading-title.elementor-size-xxl{font-size:59px}<\/style><h1 class=\"product_title entry-title elementor-heading-title elementor-size-default\">cinta CAT-2300<\/h1>\t\t<\/div>\n\t\t\t\t<\/div>\n\t\t\t\t<div class=\"elementor-element elementor-element-bfbd3c9 tipofquimica elementor-widget elementor-widget-heading\" data-id=\"bfbd3c9\" data-element_type=\"widget\" data-widget_type=\"heading.default\">\n\t\t\t\t<div class=\"elementor-widget-container\">\n\t\t\t<h3 class=\"elementor-heading-title elementor-size-default\">Familia: <a href=\"\/producto-categoria\/familia-cintas-adhesivas\/\">Cintas Adhesivas<\/a><\/h3>\t\t<\/div>\n\t\t\t\t<\/div>\n\t\t\t\t<div class=\"elementor-element elementor-element-695e6c39 elementor-widget elementor-widget-woocommerce-product-short-description\" data-id=\"695e6c39\" data-element_type=\"widget\" data-widget_type=\"woocommerce-product-short-description.default\">\n\t\t\t\t<div class=\"elementor-widget-container\">\n\t\t\t<div class=\"woocommerce-product-details__short-description\">\n\t<p>Cinta acr\u00edlica de alto rendimiento, con gran fuerza adhesiva y excelente capacidad de movimiento din\u00e1mico. Es una excelente opci\u00f3n para los sistemas y aplicaciones donde se espera carga del viento, as\u00ed como expansi\u00f3n y contracci\u00f3n t\u00e9rmica. Se recomienda para refuerzo en instalaci\u00f3n de fachadas, plafones y estructuras de paneles compuestos de aluminio en interiores o exteriores.<\/p>\n<\/div>\n\t\t<\/div>\n\t\t\t\t<\/div>\n\t\t\t\t<div class=\"elementor-element elementor-element-266a3b8f elementor-widget elementor-widget-heading\" data-id=\"266a3b8f\" data-element_type=\"widget\" data-widget_type=\"heading.default\">\n\t\t\t\t<div class=\"elementor-widget-container\">\n\t\t\t<h5 class=\"elementor-heading-title elementor-size-default\">Desarrollado para el mercado de:<\/h5>\t\t<\/div>\n\t\t\t\t<\/div>\n\t\t<div class=\"elementor-element elementor-element-fe7afc3 e-con-full e-flex e-con e-child\" data-id=\"fe7afc3\" data-element_type=\"container\">\n\t\t\t\t<div class=\"elementor-element elementor-element-13ae54c elementor-widget elementor-widget-image\" data-id=\"13ae54c\" data-element_type=\"widget\" data-widget_type=\"image.default\">\n\t\t\t\t<div class=\"elementor-widget-container\">\n\t\t\t<style>\/*! elementor - v3.23.0 - 15-07-2024 *\/\n.elementor-widget-image{text-align:center}.elementor-widget-image a{display:inline-block}.elementor-widget-image a img[src$=\".svg\"]{width:48px}.elementor-widget-image img{vertical-align:middle;display:inline-block}<\/style>\t\t\t\t\t\t\t\t\t\t<img loading=\"lazy\" decoding=\"async\" width=\"60\" height=\"60\" src=\"https:\/\/www.pennsylvania.com.mx\/wp-content\/uploads\/2024\/01\/ic-merc-pro-aluminio_vidrio.svg\" class=\"attachment-full size-full wp-image-13365\" alt=\"\" \/>\t\t\t\t\t\t\t\t\t\t\t\t\t<\/div>\n\t\t\t\t<\/div>\n\t\t\t\t<div class=\"elementor-element elementor-element-cf369e4 elementor-list-item-link-inline cl3 elementor-icon-list--layout-traditional elementor-widget elementor-widget-icon-list\" data-id=\"cf369e4\" data-element_type=\"widget\" data-widget_type=\"icon-list.default\">\n\t\t\t\t<div class=\"elementor-widget-container\">\n\t\t\t<link rel=\"stylesheet\" href=\"https:\/\/www.pennsylvania.com.mx\/wp-content\/plugins\/elementor\/assets\/css\/widget-icon-list.min.css\">\t\t<ul class=\"elementor-icon-list-items\">\n\t\t\t\t\t\t\t<li class=\"elementor-icon-list-item\">\n\t\t\t\t\t\t\t\t\t\t<span class=\"elementor-icon-list-text\">Aluminio y Vidrio<\/span>\n\t\t\t\t\t\t\t\t\t<\/li>\n\t\t\t\t\t\t<\/ul>\n\t\t\t\t<\/div>\n\t\t\t\t<\/div>\n\t\t\t\t<div class=\"elementor-element elementor-element-1a93ef8 elementor-widget elementor-widget-image\" data-id=\"1a93ef8\" data-element_type=\"widget\" data-widget_type=\"image.default\">\n\t\t\t\t<div class=\"elementor-widget-container\">\n\t\t\t\t\t\t\t\t\t\t\t\t\t<img loading=\"lazy\" decoding=\"async\" width=\"60\" height=\"60\" src=\"https:\/\/www.pennsylvania.com.mx\/wp-content\/uploads\/2024\/01\/ic-merc-pro-construccion.svg\" class=\"attachment-full size-full wp-image-13366\" alt=\"\" \/>\t\t\t\t\t\t\t\t\t\t\t\t\t<\/div>\n\t\t\t\t<\/div>\n\t\t\t\t<div class=\"elementor-element elementor-element-8c37eab elementor-list-item-link-inline cl3 elementor-icon-list--layout-traditional elementor-widget elementor-widget-icon-list\" data-id=\"8c37eab\" data-element_type=\"widget\" data-widget_type=\"icon-list.default\">\n\t\t\t\t<div class=\"elementor-widget-container\">\n\t\t\t\t\t<ul class=\"elementor-icon-list-items\">\n\t\t\t\t\t\t\t<li class=\"elementor-icon-list-item\">\n\t\t\t\t\t\t\t\t\t\t<span class=\"elementor-icon-list-text\">Construcci\u00f3n<\/span>\n\t\t\t\t\t\t\t\t\t<\/li>\n\t\t\t\t\t\t<\/ul>\n\t\t\t\t<\/div>\n\t\t\t\t<\/div>\n\t\t\t\t<\/div>\n\t\t\t\t<div class=\"elementor-element elementor-element-79c2be52 elementor-widget elementor-widget-heading\" data-id=\"79c2be52\" data-element_type=\"widget\" data-widget_type=\"heading.default\">\n\t\t\t\t<div class=\"elementor-widget-container\">\n\t\t\t<h5 class=\"elementor-heading-title elementor-size-default\">Presentaciones:<\/h5>\t\t<\/div>\n\t\t\t\t<\/div>\n\t\t<div class=\"elementor-element elementor-element-41b79f0 e-con-full e-flex e-con e-child\" data-id=\"41b79f0\" data-element_type=\"container\">\n\t\t\t\t<div class=\"elementor-element elementor-element-ade3729 ic-presentacion-dtll-p elementor-widget elementor-widget-image\" data-id=\"ade3729\" data-element_type=\"widget\" data-widget_type=\"image.default\">\n\t\t\t\t<div class=\"elementor-widget-container\">\n\t\t\t\t\t\t\t\t\t\t\t\t\t<img loading=\"lazy\" decoding=\"async\" width=\"50\" height=\"50\" src=\"https:\/\/www.pennsylvania.com.mx\/wp-content\/uploads\/2024\/01\/cinta.svg\" class=\"attachment-full size-full wp-image-13603\" alt=\"\" \/>\t\t\t\t\t\t\t\t\t\t\t\t\t<\/div>\n\t\t\t\t<\/div>\n\t\t\t\t<div class=\"elementor-element elementor-element-97c9c6f elementor-list-item-link-inline cl3 elementor-icon-list--layout-traditional elementor-widget elementor-widget-icon-list\" data-id=\"97c9c6f\" data-element_type=\"widget\" data-widget_type=\"icon-list.default\">\n\t\t\t\t<div class=\"elementor-widget-container\">\n\t\t\t\t\t<ul class=\"elementor-icon-list-items\">\n\t\t\t\t\t\t\t<li class=\"elementor-icon-list-item\">\n\t\t\t\t\t\t\t\t\t\t<span class=\"elementor-icon-list-text\">Rollo de 16.45 m<\/span>\n\t\t\t\t\t\t\t\t\t<\/li>\n\t\t\t\t\t\t<\/ul>\n\t\t\t\t<\/div>\n\t\t\t\t<\/div>\n\t\t\t\t<\/div>\n\t\t\t\t<div class=\"elementor-element elementor-element-1603243e elementor-widget elementor-widget-heading\" data-id=\"1603243e\" data-element_type=\"widget\" data-widget_type=\"heading.default\">\n\t\t\t\t<div class=\"elementor-widget-container\">\n\t\t\t<h5 class=\"elementor-heading-title elementor-size-default\">Colores:<\/h5>\t\t<\/div>\n\t\t\t\t<\/div>\n\t\t<div class=\"elementor-element elementor-element-72dbcbbf e-con-full e-flex e-con e-child\" data-id=\"72dbcbbf\" data-element_type=\"container\">\n\t\t\t\t<div class=\"elementor-element elementor-element-7dc16a63 elementor-list-item-link-inline elementor-icon-list--layout-traditional elementor-widget elementor-widget-icon-list\" data-id=\"7dc16a63\" data-element_type=\"widget\" data-widget_type=\"icon-list.default\">\n\t\t\t\t<div class=\"elementor-widget-container\">\n\t\t\t\t\t<ul class=\"elementor-icon-list-items\">\n\t\t\t\t\t\t\t<li class=\"elementor-icon-list-item\">\n\t\t\t\t\t\t\t\t\t\t\t<span class=\"elementor-icon-list-icon\">\n\t\t\t\t\t\t\t<svg aria-hidden=\"true\" class=\"e-font-icon-svg e-fas-circle\" viewBox=\"0 0 512 512\" xmlns=\"http:\/\/www.w3.org\/2000\/svg\"><path d=\"M256 8C119 8 8 119 8 256s111 248 248 248 248-111 248-248S393 8 256 8z\"><\/path><\/svg>\t\t\t\t\t\t<\/span>\n\t\t\t\t\t\t\t\t\t\t<span class=\"elementor-icon-list-text\">Gris<\/span>\n\t\t\t\t\t\t\t\t\t<\/li>\n\t\t\t\t\t\t<\/ul>\n\t\t\t\t<\/div>\n\t\t\t\t<\/div>\n\t\t\t\t<\/div>\n\t\t<div class=\"elementor-element elementor-element-48ed6f1e e-con-full e-flex e-con e-child\" data-id=\"48ed6f1e\" data-element_type=\"container\">\n\t\t\t\t<div class=\"elementor-element elementor-element-2c34c431 btn-ftecnica elementor-widget elementor-widget-button\" data-id=\"2c34c431\" data-element_type=\"widget\" data-widget_type=\"button.default\">\n\t\t\t\t<div class=\"elementor-widget-container\">\n\t\t\t\t\t<div class=\"elementor-button-wrapper\">\n\t\t\t<a class=\"elementor-button elementor-button-link elementor-size-xs\" href=\"\/wp-content\/uploads\/2024\/06\/CAT-2300-HT-2024.pdf\" target=\"_blank\">\n\t\t\t\t\t\t<span class=\"elementor-button-content-wrapper\">\n\t\t\t\t\t\t<span class=\"elementor-button-icon\">\n\t\t\t\t<svg aria-hidden=\"true\" class=\"e-font-icon-svg e-fas-download\" viewBox=\"0 0 512 512\" xmlns=\"http:\/\/www.w3.org\/2000\/svg\"><path d=\"M216 0h80c13.3 0 24 10.7 24 24v168h87.7c17.8 0 26.7 21.5 14.1 34.1L269.7 378.3c-7.5 7.5-19.8 7.5-27.3 0L90.1 226.1c-12.6-12.6-3.7-34.1 14.1-34.1H192V24c0-13.3 10.7-24 24-24zm296 376v112c0 13.3-10.7 24-24 24H24c-13.3 0-24-10.7-24-24V376c0-13.3 10.7-24 24-24h146.7l49 49c20.1 20.1 52.5 20.1 72.6 0l49-49H488c13.3 0 24 10.7 24 24zm-124 88c0-11-9-20-20-20s-20 9-20 20 9 20 20 20 20-9 20-20zm64 0c0-11-9-20-20-20s-20 9-20 20 9 20 20 20 20-9 20-20z\"><\/path><\/svg>\t\t\t<\/span>\n\t\t\t\t\t\t\t\t\t<span class=\"elementor-button-text\">Hoja t\u00e9cnica<\/span>\n\t\t\t\t\t<\/span>\n\t\t\t\t\t<\/a>\n\t\t<\/div>\n\t\t\t\t<\/div>\n\t\t\t\t<\/div>\n\t\t\t\t<\/div>\n\t\t\t\t<\/div>\n\t\t\t\t\t<\/div>\n\t\t\t\t<\/div>\n\t\t<div class=\"elementor-element elementor-element-18ac84c secc-vntjasproduct e-flex e-con-boxed e-con e-parent\" data-id=\"18ac84c\" data-element_type=\"container\">\n\t\t\t\t\t<div class=\"e-con-inner\">\n\t\t<div class=\"elementor-element elementor-element-5e3f08a e-con-full e-flex e-con e-child\" data-id=\"5e3f08a\" data-element_type=\"container\">\n\t\t<div class=\"elementor-element elementor-element-3f6018f e-con-full e-flex e-con e-child\" data-id=\"3f6018f\" data-element_type=\"container\">\n\t\t\t\t<div class=\"elementor-element elementor-element-a6c2af8 elementor-widget elementor-widget-heading\" data-id=\"a6c2af8\" data-element_type=\"widget\" data-widget_type=\"heading.default\">\n\t\t\t\t<div class=\"elementor-widget-container\">\n\t\t\t<h2 class=\"elementor-heading-title elementor-size-default\">Ventajas<\/h2>\t\t<\/div>\n\t\t\t\t<\/div>\n\t\t\t\t<\/div>\n\t\t<div class=\"elementor-element elementor-element-7eaff7c e-con-full e-flex e-con e-child\" data-id=\"7eaff7c\" data-element_type=\"container\">\n\t\t\t\t<div class=\"elementor-element elementor-element-0f0513a elementor-widget elementor-widget-woocommerce-product-title elementor-page-title elementor-widget-heading\" data-id=\"0f0513a\" data-element_type=\"widget\" data-widget_type=\"woocommerce-product-title.default\">\n\t\t\t\t<div class=\"elementor-widget-container\">\n\t\t\t<h1 class=\"product_title entry-title elementor-heading-title elementor-size-default\">cinta CAT-2300<\/h1>\t\t<\/div>\n\t\t\t\t<\/div>\n\t\t\t\t<\/div>\n\t\t\t\t<\/div>\n\t\t<div class=\"elementor-element elementor-element-1ab9b8d e-con-full e-flex e-con e-child\" data-id=\"1ab9b8d\" data-element_type=\"container\">\n\t\t<div class=\"elementor-element elementor-element-9a9c7d1 e-con-full e-flex e-con e-child\" data-id=\"9a9c7d1\" data-element_type=\"container\">\n\t\t\t\t<div class=\"elementor-element elementor-element-4097cd8 elementor-widget elementor-widget-image\" data-id=\"4097cd8\" data-element_type=\"widget\" data-widget_type=\"image.default\">\n\t\t\t\t<div class=\"elementor-widget-container\">\n\t\t\t\t\t\t\t\t\t\t\t\t\t<img loading=\"lazy\" decoding=\"async\" width=\"100\" height=\"100\" src=\"https:\/\/www.pennsylvania.com.mx\/wp-content\/uploads\/2024\/01\/Amortigua-las-vibraciones.jpg\" class=\"attachment-full size-full wp-image-14084\" alt=\"\" \/>\t\t\t\t\t\t\t\t\t\t\t\t\t<\/div>\n\t\t\t\t<\/div>\n\t\t\t\t<div class=\"elementor-element elementor-element-fb3e924 elementor-widget elementor-widget-heading\" data-id=\"fb3e924\" data-element_type=\"widget\" data-widget_type=\"heading.default\">\n\t\t\t\t<div class=\"elementor-widget-container\">\n\t\t\t<h5 class=\"elementor-heading-title elementor-size-default\">Amortigua las vibraciones<\/h5>\t\t<\/div>\n\t\t\t\t<\/div>\n\t\t\t\t<\/div>\n\t\t<div class=\"elementor-element elementor-element-79c95d8 e-con-full e-flex e-con e-child\" data-id=\"79c95d8\" data-element_type=\"container\">\n\t\t\t\t<div class=\"elementor-element elementor-element-5a529db elementor-widget elementor-widget-image\" data-id=\"5a529db\" data-element_type=\"widget\" data-widget_type=\"image.default\">\n\t\t\t\t<div class=\"elementor-widget-container\">\n\t\t\t\t\t\t\t\t\t\t\t\t\t<img loading=\"lazy\" decoding=\"async\" width=\"100\" height=\"100\" src=\"https:\/\/www.pennsylvania.com.mx\/wp-content\/uploads\/2024\/01\/facil_aplicacion.svg\" class=\"attachment-full size-full wp-image-12849\" alt=\"\" \/>\t\t\t\t\t\t\t\t\t\t\t\t\t<\/div>\n\t\t\t\t<\/div>\n\t\t\t\t<div class=\"elementor-element elementor-element-8ec7b55 elementor-widget elementor-widget-heading\" data-id=\"8ec7b55\" data-element_type=\"widget\" data-widget_type=\"heading.default\">\n\t\t\t\t<div class=\"elementor-widget-container\">\n\t\t\t<h5 class=\"elementor-heading-title elementor-size-default\">F\u00e1cil aplicaci\u00f3n<\/h5>\t\t<\/div>\n\t\t\t\t<\/div>\n\t\t\t\t<\/div>\n\t\t<div class=\"elementor-element elementor-element-4f0a233 e-con-full e-flex e-con e-child\" data-id=\"4f0a233\" data-element_type=\"container\">\n\t\t\t\t<div class=\"elementor-element elementor-element-29d151d elementor-widget elementor-widget-image\" data-id=\"29d151d\" data-element_type=\"widget\" data-widget_type=\"image.default\">\n\t\t\t\t<div class=\"elementor-widget-container\">\n\t\t\t\t\t\t\t\t\t\t\t\t\t<img loading=\"lazy\" decoding=\"async\" width=\"100\" height=\"100\" src=\"https:\/\/www.pennsylvania.com.mx\/wp-content\/uploads\/2024\/01\/gran-fuerza-adhesiva.svg\" class=\"attachment-full size-full wp-image-20686\" alt=\"\" \/>\t\t\t\t\t\t\t\t\t\t\t\t\t<\/div>\n\t\t\t\t<\/div>\n\t\t\t\t<div class=\"elementor-element elementor-element-df7f4d7 elementor-widget elementor-widget-heading\" data-id=\"df7f4d7\" data-element_type=\"widget\" data-widget_type=\"heading.default\">\n\t\t\t\t<div class=\"elementor-widget-container\">\n\t\t\t<h5 class=\"elementor-heading-title elementor-size-default\">Gran fuerza adhesiva<\/h5>\t\t<\/div>\n\t\t\t\t<\/div>\n\t\t\t\t<\/div>\n\t\t<div class=\"elementor-element elementor-element-6e76153 e-con-full e-flex e-con e-child\" data-id=\"6e76153\" data-element_type=\"container\">\n\t\t\t\t<div class=\"elementor-element elementor-element-30990b0 elementor-widget elementor-widget-image\" data-id=\"30990b0\" data-element_type=\"widget\" data-widget_type=\"image.default\">\n\t\t\t\t<div class=\"elementor-widget-container\">\n\t\t\t\t\t\t\t\t\t\t\t\t\t<img loading=\"lazy\" decoding=\"async\" width=\"100\" height=\"100\" src=\"https:\/\/www.pennsylvania.com.mx\/wp-content\/uploads\/2024\/01\/Impide-la-corrosioI\u0081n.jpg\" class=\"attachment-full size-full wp-image-14105\" alt=\"\" \/>\t\t\t\t\t\t\t\t\t\t\t\t\t<\/div>\n\t\t\t\t<\/div>\n\t\t\t\t<div class=\"elementor-element elementor-element-f9fcfb4 elementor-widget elementor-widget-heading\" data-id=\"f9fcfb4\" data-element_type=\"widget\" data-widget_type=\"heading.default\">\n\t\t\t\t<div class=\"elementor-widget-container\">\n\t\t\t<h5 class=\"elementor-heading-title elementor-size-default\">Impide la corrosi\u00f3n<\/h5>\t\t<\/div>\n\t\t\t\t<\/div>\n\t\t\t\t<\/div>\n\t\t\t\t<\/div>\n\t\t\t\t\t<\/div>\n\t\t\t\t<\/div>\n\t\t\t\t<\/div>\n\t\t","protected":false},"excerpt":{"rendered":"<p>Cinta acr\u00edlica de alto rendimiento, con gran fuerza adhesiva y excelente capacidad de movimiento din\u00e1mico. Es una excelente opci\u00f3n para los sistemas y aplicaciones donde se espera carga del viento, as\u00ed como expansi\u00f3n y contracci\u00f3n t\u00e9rmica. Se recomienda para refuerzo en instalaci\u00f3n de fachadas, plafones y estructuras de paneles compuestos de aluminio en interiores o exteriores.<\/p>\n","protected":false},"featured_media":26605,"comment_status":"open","ping_status":"closed","template":"","meta":[],"product_cat":[123,149,117],"product_tag":[],"class_list":{"0":"post-30643","1":"product","2":"type-product","3":"status-publish","4":"has-post-thumbnail","6":"product_cat-aluminum-and-glass-en","7":"product_cat-familia-cintas-adhesivas-en","8":"product_cat-construction","10":"first","11":"instock","12":"shipping-taxable","13":"product-type-simple"},"_links":{"self":[{"href":"https:\/\/www.pennsylvania.com.mx\/en\/wp-json\/wp\/v2\/product\/30643","targetHints":{"allow":["GET"]}}],"collection":[{"href":"https:\/\/www.pennsylvania.com.mx\/en\/wp-json\/wp\/v2\/product"}],"about":[{"href":"https:\/\/www.pennsylvania.com.mx\/en\/wp-json\/wp\/v2\/types\/product"}],"replies":[{"embeddable":true,"href":"https:\/\/www.pennsylvania.com.mx\/en\/wp-json\/wp\/v2\/comments?post=30643"}],"version-history":[{"count":0,"href":"https:\/\/www.pennsylvania.com.mx\/en\/wp-json\/wp\/v2\/product\/30643\/revisions"}],"wp:featuredmedia":[{"embeddable":true,"href":"https:\/\/www.pennsylvania.com.mx\/en\/wp-json\/wp\/v2\/media\/26605"}],"wp:attachment":[{"href":"https:\/\/www.pennsylvania.com.mx\/en\/wp-json\/wp\/v2\/media?parent=30643"}],"wp:term":[{"taxonomy":"product_cat","embeddable":true,"href":"https:\/\/www.pennsylvania.com.mx\/en\/wp-json\/wp\/v2\/product_cat?post=30643"},{"taxonomy":"product_tag","embeddable":true,"href":"https:\/\/www.pennsylvania.com.mx\/en\/wp-json\/wp\/v2\/product_tag?post=30643"}],"curies":[{"name":"wp","href":"https:\/\/api.w.org\/{rel}","templated":true}]}}